{"id":2508,"date":"2013-12-16T19:45:19","date_gmt":"2013-12-16T19:45:19","guid":{"rendered":"http:\/\/impreza.us-themes.net\/?page_id=2508"},"modified":"2025-03-12T17:12:29","modified_gmt":"2025-03-12T17:12:29","slug":"faq-page","status":"publish","type":"page","link":"https:\/\/www.harlingfordhotel.com\/de\/faq-page\/","title":{"rendered":"FAQ Page"},"content":{"rendered":"<section class=\"l-section wpb_row height_medium\"><div class=\"l-section-h i-cf\"><div class=\"g-cols vc_row via_flex valign_top type_default stacking_default\"><div class=\"vc_col-sm-12 wpb_column vc_column_container\"><div class=\"vc_column-inner\"><div class=\"wpb_wrapper\"><div class=\"wpb_text_column\"><div class=\"wpb_wrapper\"><h1 style=\"text-align: center;\">FAQs<\/h1>\n<h3 style=\"text-align: center;\">Haben Sie eine Frage zu Ihrem Aufenthalt? Nachfolgend finden Sie eine Liste unserer am h\u00e4ufigsten gestellten Fragen. Wenn Sie die Antwort, die Sie suchen, nicht finden, rufen Sie uns bitte unter +44 (0) 20 7387 1551 an.<\/h3>\n<\/div><\/div><\/div><\/div><\/div><\/div><\/div><\/section><section class=\"l-section wpb_row height_auto\"><div class=\"l-section-h i-cf\"><div class=\"g-cols vc_row via_flex valign_top type_default stacking_default\"><div class=\"vc_col-sm-12 wpb_column vc_column_container\"><div class=\"vc_column-inner\"><div class=\"wpb_wrapper\"><div class=\"w-tabs style_default switch_click accordion type_togglable has_scrolling\" style=\"--sections-title-size:1.4rem\"><div class=\"w-tabs-sections titles-align_none icon_chevron cpos_right\"><div class=\"w-tabs-section has_text_color\" id=\"y1c2\" style=\"background:#7f7394;color:#ffffff;\"><button class=\"w-tabs-section-header\" aria-controls=\"content-y1c2\" aria-expanded=\"false\"><div class=\"w-tabs-section-title\">IST DER PREIS PRO PERSON ODER PRO ZIMMER?<\/div><div class=\"w-tabs-section-control\"><\/div><\/button><div  class=\"w-tabs-section-content\" id=\"content-y1c2\"><div class=\"w-tabs-section-content-h i-cf\"><div class=\"wpb_text_column\"><div class=\"wpb_wrapper\"><p>Alle unsere Zimmer kosten pro Zimmer und Nacht und der Preis beinhaltet alle Steuern. Die Zimmerpreise werden mit oder ohne Fr\u00fchst\u00fcck berechnet.<\/p>\n<\/div><\/div><\/div><\/div><\/div><div class=\"w-tabs-section has_text_color\" id=\"b2cc\" style=\"background:#aea4bf;color:#ffffff;\"><button class=\"w-tabs-section-header\" aria-controls=\"content-b2cc\" aria-expanded=\"false\"><div class=\"w-tabs-section-title\">WENN ICH MEINE KREDITKARTENDATEN GEBE, WIRD DIE ZAHLUNG GET\u00c4TIGT?<\/div><div class=\"w-tabs-section-control\"><\/div><\/button><div  class=\"w-tabs-section-content\" id=\"content-b2cc\"><div class=\"w-tabs-section-content-h i-cf\"><div class=\"wpb_text_column\"><div class=\"wpb_wrapper\"><p>Nein. Die Kreditkartendaten werden ausschlie\u00dflich zur Sicherheit und als Garantie gegen Besch\u00e4digung und \/ oder Missbrauch des Hotelobjekts ben\u00f6tigt. Die vollst\u00e4ndige Zahlung erfolgt erst bei der Ankunft.<\/p>\n<\/div><\/div><\/div><\/div><\/div><div class=\"w-tabs-section has_text_color\" id=\"r3d3\" style=\"background:#cdc5d9;color:#ffffff;\"><button class=\"w-tabs-section-header\" aria-controls=\"content-r3d3\" aria-expanded=\"false\"><div class=\"w-tabs-section-title\">WENN ICH MEINE BUCHUNG \u00c4NDERN ODER STORNIEREN M\u00d6CHTE, WERDE ICH DANN BELASTET?<\/div><div class=\"w-tabs-section-control\"><\/div><\/button><div  class=\"w-tabs-section-content\" id=\"content-r3d3\"><div class=\"w-tabs-section-content-h i-cf\"><div class=\"wpb_text_column\"><div class=\"wpb_wrapper\"><p>Sobald eine Reservierung vom Harlingford Hotel angenommen und best\u00e4tigt wurde, ist es unsere Richtlinie, dass f\u00fcr alle \u00c4nderungen, Erg\u00e4nzungen oder vorzeitigen Stornierungen eine Verwaltungsgeb\u00fchr von 20 \u00a3 erhoben werden kann. Wenn Sie uns am Tag Ihrer Ankunft weniger als 72 Stunden vor 14:00 Uhr (GMT) benachrichtigen, wird Ihrem Konto eine Geb\u00fchr in H\u00f6he des gesamten Aufenthalts berechnet. Sobald eine Zahlung erfolgt ist, erfolgt keine R\u00fcckerstattung oder Gutschrift k\u00fcnftiger Aufenthalte im Falle einer versp\u00e4teten Stornierung oder Nichtanreise oder einer vorzeitigen Beendigung des Aufenthalts.<\/p>\n<\/div><\/div><\/div><\/div><\/div><div class=\"w-tabs-section has_text_color\" id=\"z4d0\" style=\"background:#7f7394;color:#ffffff;\"><button class=\"w-tabs-section-header\" aria-controls=\"content-z4d0\" aria-expanded=\"false\"><div class=\"w-tabs-section-title\">WELCHE ZEIT IST CHECK-IN \/ CHECK-OUT?<\/div><div class=\"w-tabs-section-control\"><\/div><\/button><div  class=\"w-tabs-section-content\" id=\"content-z4d0\"><div class=\"w-tabs-section-content-h i-cf\"><div class=\"wpb_text_column\"><div class=\"wpb_wrapper\"><p>Der Check-In erfolgt nach 14:00 Uhr und der Check-Out sp\u00e4testens um 11:00 Uhr. Dies soll den Haush\u00e4ltern erm\u00f6glichen, ihre Arbeit effizient zu erledigen. Ein sp\u00e4ter Check-out kann f\u00fcr \u00a3 10 pro halbe Stunde oder einen Teil davon arrangiert werden.<\/p>\n<\/div><\/div><\/div><\/div><\/div><div class=\"w-tabs-section has_text_color\" id=\"n5c8\" style=\"background:#aea4bf;color:#ffffff;\"><button class=\"w-tabs-section-header\" aria-controls=\"content-n5c8\" aria-expanded=\"false\"><div class=\"w-tabs-section-title\">WANN GIBT ES FR\u00dcHST\u00dcCK?<\/div><div class=\"w-tabs-section-control\"><\/div><\/button><div  class=\"w-tabs-section-content\" id=\"content-n5c8\"><div class=\"w-tabs-section-content-h i-cf\"><div class=\"wpb_text_column\"><div class=\"wpb_wrapper\"><p>Das Fr\u00fchst\u00fcck wird t\u00e4glich von 07:30 bis 09:30 Uhr im Fr\u00fchst\u00fccksraum serviert. Bitte w\u00e4hlen Sie bei der Buchung die Option mit oder ohne Fr\u00fchst\u00fcck.<\/p>\n<\/div><\/div><\/div><\/div><\/div><div class=\"w-tabs-section has_text_color\" id=\"p6bd\" style=\"background:#cdc5d9;color:#ffffff;\"><button class=\"w-tabs-section-header\" aria-controls=\"content-p6bd\" aria-expanded=\"false\"><div class=\"w-tabs-section-title\">K\u00d6NNEN WIR UNSERE TASCHEN VOR DEM EINCHECKEN UND NACH DEM AUSCHECKEN IM HOTEL AUFBEWAHREN?<\/div><div class=\"w-tabs-section-control\"><\/div><\/button><div  class=\"w-tabs-section-content\" id=\"content-p6bd\"><div class=\"w-tabs-section-content-h i-cf\"><div class=\"wpb_text_column\"><div class=\"wpb_wrapper\"><p>Das Gep\u00e4ck kann mehrere Stunden am Tag im Hotel aufbewahrt werden. Bitte fragen Sie an der Rezeption nach. F\u00fcr Gep\u00e4ck, das l\u00e4nger als 12 Stunden und bis zu 7 Tage aufbewahrt werden muss, wird eine Geb\u00fchr von \u00a3 5 pro Zimmer erhoben.<\/p>\n<\/div><\/div><\/div><\/div><\/div><div class=\"w-tabs-section has_text_color\" id=\"m7aa\" style=\"background:#7f7394;color:#ffffff;\"><button class=\"w-tabs-section-header\" aria-controls=\"content-m7aa\" aria-expanded=\"false\"><div class=\"w-tabs-section-title\">GIBT ES DA EINEN AUFZUG?<\/div><div class=\"w-tabs-section-control\"><\/div><\/button><div  class=\"w-tabs-section-content\" id=\"content-m7aa\"><div class=\"w-tabs-section-content-h i-cf\"><div class=\"wpb_text_column\"><div class=\"wpb_wrapper\"><p>Leider hat das Hotel keinen Aufzug und keinen ans\u00e4ssigen Portier.<\/p>\n<\/div><\/div><\/div><\/div><\/div><div class=\"w-tabs-section has_text_color\" id=\"g89f\" style=\"background:#aea4bf;color:#ffffff;\"><button class=\"w-tabs-section-header\" aria-controls=\"content-g89f\" aria-expanded=\"false\"><div class=\"w-tabs-section-title\">GIBT ES WIFI-ZUGRIFF IM HOTEL?<\/div><div class=\"w-tabs-section-control\"><\/div><\/button><div  class=\"w-tabs-section-content\" id=\"content-g89f\"><div class=\"w-tabs-section-content-h i-cf\"><div class=\"wpb_text_column\"><div class=\"wpb_wrapper\"><p>Wir bieten kostenlosen WLAN-Zugang im gesamten Hotel, obwohl dies der Funktionalit\u00e4t des Internetdienstanbieters unterliegt. Daher k\u00f6nnen wir diesen kostenlosen und v\u00f6llig KOSTENLOSEN Service nicht garantieren.<\/p>\n<\/div><\/div><\/div><\/div><\/div><div class=\"w-tabs-section has_text_color\" id=\"j98d\" style=\"background:#cdc5d9;color:#ffffff;\"><button class=\"w-tabs-section-header\" aria-controls=\"content-j98d\" aria-expanded=\"false\"><div class=\"w-tabs-section-title\">RAUCHEN DIE ZIMMER NICHTRAUCHER?<\/div><div class=\"w-tabs-section-control\"><\/div><\/button><div  class=\"w-tabs-section-content\" id=\"content-j98d\"><div class=\"w-tabs-section-content-h i-cf\"><div class=\"wpb_text_column\"><div class=\"wpb_wrapper\"><p>Aufgrund der Vorschriften in Gro\u00dfbritannien sind wir im gesamten Hotel rauchfrei. Im Falle eines Versto\u00dfes gegen diese Regel wird Ihrem Konto eine Geb\u00fchr von \u00a3 50,00 f\u00fcr Begasung und zus\u00e4tzliche Reinigungskosten berechnet.<\/p>\n<\/div><\/div><\/div><\/div><\/div><div class=\"w-tabs-section has_text_color\" id=\"za7a\" style=\"background:#7f7394;color:#ffffff;\"><button class=\"w-tabs-section-header\" aria-controls=\"content-za7a\" aria-expanded=\"false\"><div class=\"w-tabs-section-title\">GIBT ES KLIMAANLAGE IM RAUM?<\/div><div class=\"w-tabs-section-control\"><\/div><\/button><div  class=\"w-tabs-section-content\" id=\"content-za7a\"><div class=\"w-tabs-section-content-h i-cf\"><div class=\"wpb_text_column\"><div class=\"wpb_wrapper\"><p>Das Harlingford ist \u00fcber 200 Jahre alt und daher unter Denkmalschutz. Die Vorschriften hindern uns daran, eine Klimaanlage zu installieren.<\/p>\n<\/div><\/div><\/div><\/div><\/div><div class=\"w-tabs-section has_text_color\" id=\"hb7a\" style=\"background:#aea4bf;color:#ffffff;\"><button class=\"w-tabs-section-header\" aria-controls=\"content-hb7a\" aria-expanded=\"false\"><div class=\"w-tabs-section-title\">SIND BESUCHER IN DEN ZIMMERN ERLAUBT?<\/div><div class=\"w-tabs-section-control\"><\/div><\/button><div  class=\"w-tabs-section-content\" id=\"content-hb7a\"><div class=\"w-tabs-section-content-h i-cf\"><div class=\"wpb_text_column\"><div class=\"wpb_wrapper\"><p class=\"p1\">Ja, aber alle Besucher m\u00fcssen vor 23 Uhr abreisen.<\/p>\n<\/div><\/div><\/div><\/div><\/div><div class=\"w-tabs-section has_text_color\" id=\"mc7f\" style=\"background:#cdc5d9;color:#ffffff;\"><button class=\"w-tabs-section-header\" aria-controls=\"content-mc7f\" aria-expanded=\"false\"><div class=\"w-tabs-section-title\">BIETET DER HARLINGFORD SICHERES AUTOPARKPLATZ?<\/div><div class=\"w-tabs-section-control\"><\/div><\/button><div  class=\"w-tabs-section-content\" id=\"content-mc7f\"><div class=\"w-tabs-section-content-h i-cf\"><div class=\"wpb_text_column\"><div class=\"wpb_wrapper\"><p>Nein, das Hotel bietet keine Parkpl\u00e4tze, es gibt jedoch eine <a href=\"https:\/\/www.ncp.co.uk\/find-a-car-park\/car-parks\/london-brunswick-square\/\" target=\"_blank\" rel=\"noopener noreferrer\">\u00f6ffentlicher Parkplatz<\/a> unter dem Brunswick Center in der N\u00e4he mit sicheren Einrichtungen und 24 Stunden am Tag in Betrieb. Es ist f\u00fcnf Gehminuten entfernt.<\/p>\n<\/div><\/div><\/div><\/div><\/div><div class=\"w-tabs-section has_text_color\" id=\"cd80\" style=\"background:#7f7394;color:#ffffff;\"><button class=\"w-tabs-section-header\" aria-controls=\"content-cd80\" aria-expanded=\"false\"><div class=\"w-tabs-section-title\">WIE NAH IST ST PANCRAS UND EUROSTAR?<\/div><div class=\"w-tabs-section-control\"><\/div><\/button><div  class=\"w-tabs-section-content\" id=\"content-cd80\"><div class=\"w-tabs-section-content-h i-cf\"><div class=\"wpb_text_column\"><div class=\"wpb_wrapper\"><p>King's Cross St. Pancras und Euston sind nicht mehr als zehn Gehminuten entfernt. Der Russell Square ist f\u00fcnf Gehminuten entfernt.<\/p>\n<\/div><\/div><\/div><\/div><\/div><div class=\"w-tabs-section has_text_color\" id=\"ye71\" style=\"background:#aea4bf;color:#ffffff;\"><button class=\"w-tabs-section-header\" aria-controls=\"content-ye71\" aria-expanded=\"false\"><div class=\"w-tabs-section-title\">WAS IST, WENN ETWAS DAHINTER BLEIBT?<\/div><div class=\"w-tabs-section-control\"><\/div><\/button><div  class=\"w-tabs-section-content\" id=\"content-ye71\"><div class=\"w-tabs-section-content-h i-cf\"><div class=\"wpb_text_column\"><div class=\"wpb_wrapper\"><p>F\u00fcr alle Gegenst\u00e4nde des linken Eigentums, die per Post weitergeleitet werden m\u00fcssen, wird eine Mindestgeb\u00fchr von \u00a3 10 zuz\u00fcglich Porto und Verpackung erhoben.<\/p>\n<\/div><\/div><\/div><\/div><\/div><div class=\"w-tabs-section has_text_color\" id=\"rf7d\" style=\"background:#cdc5d9;color:#ffffff;\"><button class=\"w-tabs-section-header\" aria-controls=\"content-rf7d\" aria-expanded=\"false\"><div class=\"w-tabs-section-title\">KANN ICH MEIN ELEKTRISCHES GER\u00c4T MITBRINGEN?<\/div><div class=\"w-tabs-section-control\"><\/div><\/button><div  class=\"w-tabs-section-content\" id=\"content-rf7d\"><div class=\"w-tabs-section-content-h i-cf\"><div class=\"wpb_text_column\"><div class=\"wpb_wrapper\"><p>Nat\u00fcrlich k\u00f6nnen Sie das, aber wir bieten keine Adapter, Ladeger\u00e4te oder Konverter f\u00fcr Elektroger\u00e4te (z. B. Haargl\u00e4tter, Computer, Mobiltelefone) an.<\/p>\n<\/div><\/div><\/div><\/div><\/div><div class=\"w-tabs-section has_text_color\" id=\"v077\" style=\"background:#7f7394;color:#ffffff;\"><button class=\"w-tabs-section-header\" aria-controls=\"content-v077\" aria-expanded=\"false\"><div class=\"w-tabs-section-title\">GIBT ES GEEIGNETE ZIMMER F\u00dcR BEHINDERTE?<\/div><div class=\"w-tabs-section-control\"><\/div><\/button><div  class=\"w-tabs-section-content\" id=\"content-v077\"><div class=\"w-tabs-section-content-h i-cf\"><div class=\"wpb_text_column\"><div class=\"wpb_wrapper\"><p class=\"p1\">Es gibt vier regelm\u00e4\u00dfige Stufen, die zur Vorderseite des Geb\u00e4udes f\u00fchren. Wir haben keinen Aufzug, aber wir haben eine Auswahl an Zimmern im Erdgeschoss. Bitte fragen Sie, ob sie f\u00fcr die von Ihnen gew\u00fcnschten Daten verf\u00fcgbar sind.<\/p>\n<\/div><\/div><\/div><\/div><\/div><div class=\"w-tabs-section has_text_color\" id=\"r168\" style=\"background:#aea4bf;color:#ffffff;\"><button class=\"w-tabs-section-header\" aria-controls=\"content-r168\" aria-expanded=\"false\"><div class=\"w-tabs-section-title\">GIBT ES B\u00dcGELM\u00d6GLICHKEITEN?<\/div><div class=\"w-tabs-section-control\"><\/div><\/button><div  class=\"w-tabs-section-content\" id=\"content-r168\"><div class=\"w-tabs-section-content-h i-cf\"><div class=\"wpb_text_column\"><div class=\"wpb_wrapper\"><p class=\"p1\">Wir haben einen B\u00fcgelraum mit Set Board und B\u00fcgeleisen, den die G\u00e4ste jederzeit nutzen k\u00f6nnen.<\/p>\n<\/div><\/div><\/div><\/div><\/div><div class=\"w-tabs-section has_text_color\" id=\"c251\" style=\"background:#cdc5d9;color:#ffffff;\"><button class=\"w-tabs-section-header\" aria-controls=\"content-c251\" aria-expanded=\"false\"><div class=\"w-tabs-section-title\">BIETEN SIE EINEN WACHDIENST AN?<\/div><div class=\"w-tabs-section-control\"><\/div><\/button><div  class=\"w-tabs-section-content\" id=\"content-c251\"><div class=\"w-tabs-section-content-h i-cf\"><div class=\"wpb_text_column\"><div class=\"wpb_wrapper\"><p>Ja, wir bieten einen Weckdienst an. Teilen Sie der Rezeption einfach mit, wann wir Sie wecken sollen.<\/p>\n<\/div><\/div><\/div><\/div><\/div><div class=\"w-tabs-section has_text_color\" id=\"c341\" style=\"background:#7f7394;color:#ffffff;\"><button class=\"w-tabs-section-header\" aria-controls=\"content-c341\" aria-expanded=\"false\"><div class=\"w-tabs-section-title\">GIBT ES EINEN SAFE IM ZIMMER?<\/div><div class=\"w-tabs-section-control\"><\/div><\/button><div  class=\"w-tabs-section-content\" id=\"content-c341\"><div class=\"w-tabs-section-content-h i-cf\"><div class=\"wpb_text_column\"><div class=\"wpb_wrapper\"><p class=\"p1\">Leider gibt es keine Safes im Zimmer, wir haben jedoch einen an der Rezeption. Gerne k\u00f6nnen Sie Ihre Wertsachen dort aufbewahren.<\/p>\n<\/div><\/div><\/div><\/div><\/div><div class=\"w-tabs-section has_text_color\" id=\"u443\" style=\"background:#aea4bf;color:var(--color-content-bg);\"><button class=\"w-tabs-section-header\" aria-controls=\"content-u443\" aria-expanded=\"false\"><div class=\"w-tabs-section-title\">HOW DO I MAKE A GROUP BOOKING?<\/div><div class=\"w-tabs-section-control\"><\/div><\/button><div  class=\"w-tabs-section-content\" id=\"content-u443\"><div class=\"w-tabs-section-content-h i-cf\"><div class=\"wpb_text_column\"><div class=\"wpb_wrapper\"><p class=\"p1\">For groups requiring 3+ rooms, please book by emailing us directly at <a href=\"mailto:book@harlingfordhotel.com\"><span class=\"s1\">book@harlingfordhotel.com<b><\/b><\/span><\/a>.<\/p>\n<\/div><\/div><\/div><\/div><\/div><\/div><\/div><div class=\"w-separator size_medium\"><\/div><\/div><\/div><\/div><\/div><\/div><\/section>","protected":false},"excerpt":{"rendered":"FAQs Do you have a question about your stay? Please find a list below of our most frequently asked questions. If you do not find the answer you are looking for, do not hesitate to call us on +44 (0) 20 7387 1551. IS THE PRICE PER PERSON OR PER ROOM?All our rooms are priced...","protected":false},"author":1,"featured_media":7791,"parent":0,"menu_order":0,"comment_status":"closed","ping_status":"open","template":"","meta":{"footnotes":""},"class_list":["post-2508","page","type-page","status-publish","has-post-thumbnail","hentry"],"yoast_head":"<!-- This site is optimized with the Yoast SEO plugin v27.3 - https:\/\/yoast.com\/product\/yoast-seo-wordpress\/ -->\n<title>FAQ Page - Harlingford Hotel<\/title>\n<meta name=\"description\" content=\"Do you have a question about your stay? Here are our most frequently asked questions. For further information please call us on +44 (0) 7387 1551.\" \/>\n<meta name=\"robots\" content=\"index, follow, max-snippet:-1, max-image-preview:large, max-video-preview:-1\" \/>\n<link rel=\"canonical\" href=\"https:\/\/www.harlingfordhotel.com\/de\/faq-page\/\" \/>\n<meta property=\"og:locale\" content=\"de_DE\" \/>\n<meta property=\"og:type\" content=\"article\" \/>\n<meta property=\"og:title\" content=\"FAQ Page - Harlingford Hotel\" \/>\n<meta property=\"og:description\" content=\"Do you have a question about your stay? Here are our most frequently asked questions. For further information please call us on +44 (0) 7387 1551.\" \/>\n<meta property=\"og:url\" content=\"https:\/\/www.harlingfordhotel.com\/de\/faq-page\/\" \/>\n<meta property=\"og:site_name\" content=\"Harlingford Hotel\" \/>\n<meta property=\"article:publisher\" content=\"https:\/\/www.facebook.com\/Harlingford-Hotel-103243997949098\" \/>\n<meta property=\"article:modified_time\" content=\"2025-03-12T17:12:29+00:00\" \/>\n<meta property=\"og:image\" content=\"https:\/\/www.harlingfordhotel.com\/wp-content\/uploads\/2020\/02\/DSC_3740-scaled.jpg\" \/>\n\t<meta property=\"og:image:width\" content=\"2560\" \/>\n\t<meta property=\"og:image:height\" content=\"1707\" \/>\n\t<meta property=\"og:image:type\" content=\"image\/jpeg\" \/>\n<meta name=\"twitter:card\" content=\"summary_large_image\" \/>\n<meta name=\"twitter:label1\" content=\"Gesch\u00e4tzte Lesezeit\" \/>\n\t<meta name=\"twitter:data1\" content=\"4\u00a0Minuten\" \/>\n<script type=\"application\/ld+json\" class=\"yoast-schema-graph\">{\"@context\":\"https:\\\/\\\/schema.org\",\"@graph\":[{\"@type\":\"WebPage\",\"@id\":\"https:\\\/\\\/www.harlingfordhotel.com\\\/faq-page\\\/\",\"url\":\"https:\\\/\\\/www.harlingfordhotel.com\\\/faq-page\\\/\",\"name\":\"FAQ Page - Harlingford Hotel\",\"isPartOf\":{\"@id\":\"https:\\\/\\\/www.harlingfordhotel.com\\\/#website\"},\"primaryImageOfPage\":{\"@id\":\"https:\\\/\\\/www.harlingfordhotel.com\\\/faq-page\\\/#primaryimage\"},\"image\":{\"@id\":\"https:\\\/\\\/www.harlingfordhotel.com\\\/faq-page\\\/#primaryimage\"},\"thumbnailUrl\":\"https:\\\/\\\/www.harlingfordhotel.com\\\/wp-content\\\/uploads\\\/2020\\\/02\\\/DSC_3740-scaled.jpg\",\"datePublished\":\"2013-12-16T19:45:19+00:00\",\"dateModified\":\"2025-03-12T17:12:29+00:00\",\"description\":\"Do you have a question about your stay? Here are our most frequently asked questions. For further information please call us on +44 (0) 7387 1551.\",\"breadcrumb\":{\"@id\":\"https:\\\/\\\/www.harlingfordhotel.com\\\/faq-page\\\/#breadcrumb\"},\"inLanguage\":\"de\",\"potentialAction\":[{\"@type\":\"ReadAction\",\"target\":[\"https:\\\/\\\/www.harlingfordhotel.com\\\/faq-page\\\/\"]}]},{\"@type\":\"ImageObject\",\"inLanguage\":\"de\",\"@id\":\"https:\\\/\\\/www.harlingfordhotel.com\\\/faq-page\\\/#primaryimage\",\"url\":\"https:\\\/\\\/www.harlingfordhotel.com\\\/wp-content\\\/uploads\\\/2020\\\/02\\\/DSC_3740-scaled.jpg\",\"contentUrl\":\"https:\\\/\\\/www.harlingfordhotel.com\\\/wp-content\\\/uploads\\\/2020\\\/02\\\/DSC_3740-scaled.jpg\",\"width\":2560,\"height\":1707,\"caption\":\"The Harlingford\"},{\"@type\":\"BreadcrumbList\",\"@id\":\"https:\\\/\\\/www.harlingfordhotel.com\\\/faq-page\\\/#breadcrumb\",\"itemListElement\":[{\"@type\":\"ListItem\",\"position\":1,\"name\":\"Home\",\"item\":\"https:\\\/\\\/www.harlingfordhotel.com\\\/\"},{\"@type\":\"ListItem\",\"position\":2,\"name\":\"FAQ Page\"}]},{\"@type\":\"WebSite\",\"@id\":\"https:\\\/\\\/www.harlingfordhotel.com\\\/#website\",\"url\":\"https:\\\/\\\/www.harlingfordhotel.com\\\/\",\"name\":\"Harlingford Hotel\",\"description\":\"Independent Family Run Bloomsbury Hotel\",\"publisher\":{\"@id\":\"https:\\\/\\\/www.harlingfordhotel.com\\\/#organization\"},\"potentialAction\":[{\"@type\":\"SearchAction\",\"target\":{\"@type\":\"EntryPoint\",\"urlTemplate\":\"https:\\\/\\\/www.harlingfordhotel.com\\\/?s={search_term_string}\"},\"query-input\":{\"@type\":\"PropertyValueSpecification\",\"valueRequired\":true,\"valueName\":\"search_term_string\"}}],\"inLanguage\":\"de\"},{\"@type\":\"Organization\",\"@id\":\"https:\\\/\\\/www.harlingfordhotel.com\\\/#organization\",\"name\":\"Harlingford Hotel\",\"url\":\"https:\\\/\\\/www.harlingfordhotel.com\\\/\",\"logo\":{\"@type\":\"ImageObject\",\"inLanguage\":\"de\",\"@id\":\"https:\\\/\\\/www.harlingfordhotel.com\\\/#\\\/schema\\\/logo\\\/image\\\/\",\"url\":\"https:\\\/\\\/www.harlingfordhotel.com\\\/wp-content\\\/uploads\\\/2020\\\/02\\\/harlingford-hotel-logo.jpg\",\"contentUrl\":\"https:\\\/\\\/www.harlingfordhotel.com\\\/wp-content\\\/uploads\\\/2020\\\/02\\\/harlingford-hotel-logo.jpg\",\"width\":500,\"height\":122,\"caption\":\"Harlingford Hotel\"},\"image\":{\"@id\":\"https:\\\/\\\/www.harlingfordhotel.com\\\/#\\\/schema\\\/logo\\\/image\\\/\"},\"sameAs\":[\"https:\\\/\\\/www.facebook.com\\\/Harlingford-Hotel-103243997949098\",\"https:\\\/\\\/www.instagram.com\\\/harlingfordhotellondon\\\/\",\"https:\\\/\\\/www.linkedin.com\\\/company\\\/harlingford-hotel\\\/about\\\/\"]}]}<\/script>\n<!-- \/ Yoast SEO plugin. -->","yoast_head_json":{"title":"FAQ Page - Harlingford Hotel","description":"Do you have a question about your stay? Here are our most frequently asked questions. For further information please call us on +44 (0) 7387 1551.","robots":{"index":"index","follow":"follow","max-snippet":"max-snippet:-1","max-image-preview":"max-image-preview:large","max-video-preview":"max-video-preview:-1"},"canonical":"https:\/\/www.harlingfordhotel.com\/de\/faq-page\/","og_locale":"de_DE","og_type":"article","og_title":"FAQ Page - Harlingford Hotel","og_description":"Do you have a question about your stay? Here are our most frequently asked questions. For further information please call us on +44 (0) 7387 1551.","og_url":"https:\/\/www.harlingfordhotel.com\/de\/faq-page\/","og_site_name":"Harlingford Hotel","article_publisher":"https:\/\/www.facebook.com\/Harlingford-Hotel-103243997949098","article_modified_time":"2025-03-12T17:12:29+00:00","og_image":[{"width":2560,"height":1707,"url":"https:\/\/www.harlingfordhotel.com\/wp-content\/uploads\/2020\/02\/DSC_3740-scaled.jpg","type":"image\/jpeg"}],"twitter_card":"summary_large_image","twitter_misc":{"Gesch\u00e4tzte Lesezeit":"4\u00a0Minuten"},"schema":{"@context":"https:\/\/schema.org","@graph":[{"@type":"WebPage","@id":"https:\/\/www.harlingfordhotel.com\/faq-page\/","url":"https:\/\/www.harlingfordhotel.com\/faq-page\/","name":"FAQ Page - Harlingford Hotel","isPartOf":{"@id":"https:\/\/www.harlingfordhotel.com\/#website"},"primaryImageOfPage":{"@id":"https:\/\/www.harlingfordhotel.com\/faq-page\/#primaryimage"},"image":{"@id":"https:\/\/www.harlingfordhotel.com\/faq-page\/#primaryimage"},"thumbnailUrl":"https:\/\/www.harlingfordhotel.com\/wp-content\/uploads\/2020\/02\/DSC_3740-scaled.jpg","datePublished":"2013-12-16T19:45:19+00:00","dateModified":"2025-03-12T17:12:29+00:00","description":"Do you have a question about your stay? Here are our most frequently asked questions. For further information please call us on +44 (0) 7387 1551.","breadcrumb":{"@id":"https:\/\/www.harlingfordhotel.com\/faq-page\/#breadcrumb"},"inLanguage":"de","potentialAction":[{"@type":"ReadAction","target":["https:\/\/www.harlingfordhotel.com\/faq-page\/"]}]},{"@type":"ImageObject","inLanguage":"de","@id":"https:\/\/www.harlingfordhotel.com\/faq-page\/#primaryimage","url":"https:\/\/www.harlingfordhotel.com\/wp-content\/uploads\/2020\/02\/DSC_3740-scaled.jpg","contentUrl":"https:\/\/www.harlingfordhotel.com\/wp-content\/uploads\/2020\/02\/DSC_3740-scaled.jpg","width":2560,"height":1707,"caption":"The Harlingford"},{"@type":"BreadcrumbList","@id":"https:\/\/www.harlingfordhotel.com\/faq-page\/#breadcrumb","itemListElement":[{"@type":"ListItem","position":1,"name":"Home","item":"https:\/\/www.harlingfordhotel.com\/"},{"@type":"ListItem","position":2,"name":"FAQ Page"}]},{"@type":"WebSite","@id":"https:\/\/www.harlingfordhotel.com\/#website","url":"https:\/\/www.harlingfordhotel.com\/","name":"Harlingford Hotel","description":"Independent Family Run Bloomsbury Hotel","publisher":{"@id":"https:\/\/www.harlingfordhotel.com\/#organization"},"potentialAction":[{"@type":"SearchAction","target":{"@type":"EntryPoint","urlTemplate":"https:\/\/www.harlingfordhotel.com\/?s={search_term_string}"},"query-input":{"@type":"PropertyValueSpecification","valueRequired":true,"valueName":"search_term_string"}}],"inLanguage":"de"},{"@type":"Organization","@id":"https:\/\/www.harlingfordhotel.com\/#organization","name":"Harlingford Hotel","url":"https:\/\/www.harlingfordhotel.com\/","logo":{"@type":"ImageObject","inLanguage":"de","@id":"https:\/\/www.harlingfordhotel.com\/#\/schema\/logo\/image\/","url":"https:\/\/www.harlingfordhotel.com\/wp-content\/uploads\/2020\/02\/harlingford-hotel-logo.jpg","contentUrl":"https:\/\/www.harlingfordhotel.com\/wp-content\/uploads\/2020\/02\/harlingford-hotel-logo.jpg","width":500,"height":122,"caption":"Harlingford Hotel"},"image":{"@id":"https:\/\/www.harlingfordhotel.com\/#\/schema\/logo\/image\/"},"sameAs":["https:\/\/www.facebook.com\/Harlingford-Hotel-103243997949098","https:\/\/www.instagram.com\/harlingfordhotellondon\/","https:\/\/www.linkedin.com\/company\/harlingford-hotel\/about\/"]}]}},"_links":{"self":[{"href":"https:\/\/www.harlingfordhotel.com\/de\/wp-json\/wp\/v2\/pages\/2508","targetHints":{"allow":["GET"]}}],"collection":[{"href":"https:\/\/www.harlingfordhotel.com\/de\/wp-json\/wp\/v2\/pages"}],"about":[{"href":"https:\/\/www.harlingfordhotel.com\/de\/wp-json\/wp\/v2\/types\/page"}],"author":[{"embeddable":true,"href":"https:\/\/www.harlingfordhotel.com\/de\/wp-json\/wp\/v2\/users\/1"}],"replies":[{"embeddable":true,"href":"https:\/\/www.harlingfordhotel.com\/de\/wp-json\/wp\/v2\/comments?post=2508"}],"version-history":[{"count":0,"href":"https:\/\/www.harlingfordhotel.com\/de\/wp-json\/wp\/v2\/pages\/2508\/revisions"}],"wp:featuredmedia":[{"embeddable":true,"href":"https:\/\/www.harlingfordhotel.com\/de\/wp-json\/wp\/v2\/media\/7791"}],"wp:attachment":[{"href":"https:\/\/www.harlingfordhotel.com\/de\/wp-json\/wp\/v2\/media?parent=2508"}],"curies":[{"name":"wp","href":"https:\/\/api.w.org\/{rel}","templated":true}]}}