{"id":6415,"date":"2018-12-12T15:47:25","date_gmt":"2018-12-12T15:47:25","guid":{"rendered":"http:\/\/impreza.us-themes.com\/?page_id=6415"},"modified":"2023-09-01T13:10:57","modified_gmt":"2023-09-01T12:10:57","slug":"about-harlingford","status":"publish","type":"page","link":"https:\/\/www.harlingfordhotel.com\/es\/about-harlingford\/","title":{"rendered":"About"},"content":{"rendered":"<section class=\"l-section wpb_row height_large width_full color_primary with_img parallax_ver parallax_xpos_left\"><div class=\"l-section-img\" role=\"img\" aria-label=\"Lounge at The Harlingford\" data-img-width=\"1920\" data-img-height=\"880\" style=\"background-image: url(https:\/\/www.harlingfordhotel.com\/wp-content\/uploads\/2023\/09\/lounge-harlingford-hotel-2023.jpg);background-position: center left;\"><\/div><div class=\"l-section-h i-cf\"><div class=\"g-cols vc_row via_flex valign_top type_default stacking_default\"><div class=\"vc_col-sm-12 wpb_column vc_column_container\"><div class=\"vc_column-inner\"><div class=\"wpb_wrapper\"><div class=\"w-separator size_large\"><\/div><div class=\"g-cols wpb_row us_custom_b1cc9d49 via_flex valign_top type_default stacking_default\"><div class=\"vc_col-sm-4 wpb_column vc_column_container has_bg_color\"><div class=\"vc_column-inner us_custom_4881b1d3\"><div class=\"wpb_wrapper\"><div class=\"w-separator size_small\"><\/div><div class=\"wpb_text_column\"><div class=\"wpb_wrapper\"><h1>The Harlingford<\/h1>\n<h3>La opci\u00f3n ideal para sacar el m\u00e1ximo partido a tu viaje a Londres.<\/h3>\n<\/div><\/div><div class=\"w-separator size_small\"><\/div><\/div><\/div><\/div><div class=\"vc_col-sm-8 wpb_column vc_column_container\"><div class=\"vc_column-inner\"><div class=\"wpb_wrapper\"><\/div><\/div><\/div><\/div><\/div><\/div><\/div><\/div><\/div><\/section><section class=\"l-section wpb_row us_custom_e7368688 height_auto\"><div class=\"l-section-h i-cf\"><div class=\"g-cols vc_row via_flex valign_top type_default stacking_default\"><div class=\"vc_col-sm-12 wpb_column vc_column_container\"><div class=\"vc_column-inner\"><div class=\"wpb_wrapper\"><div class=\"w-separator size_small\"><\/div><\/div><\/div><\/div><\/div><\/div><\/section><section class=\"l-section wpb_row height_medium\"><div class=\"l-section-h i-cf\"><div class=\"g-cols vc_row via_flex valign_middle type_default stacking_default\"><div class=\"vc_col-sm-8 wpb_column vc_column_container\"><div class=\"vc_column-inner\"><div class=\"wpb_wrapper\"><div class=\"wpb_text_column\"><div class=\"wpb_wrapper\"><h1>The Harlingford<\/h1>\n<p>Fundado en 1911, The Harlingford es un hotel independiente de gesti\u00f3n familiar que ha pertenecido a la familia Davies durante tres generaciones desde que se hicieron cargo de \u00e9l en 1960.<\/p>\n<p>The Harlingford tiene una ubicaci\u00f3n c\u00e9ntrica en la zona hist\u00f3rica de Bloomsbury, una opci\u00f3n ideal para sacar lo mejor de Londres. Sus elegantes plazas ofrecen un refugio del ajetreo urbano y, sin embargo, la energ\u00eda de la ciudad est\u00e1 a tu alrededor.<\/p>\n<p>El Harlingford ofrece el equilibrio perfecto entre una sensaci\u00f3n contempor\u00e1nea y las caracter\u00edsticas georgianas originales restauradas del hotel, utilizando una paleta de colores simple y neutral.<\/p>\n<p>Nuestros diferentes dise\u00f1os de dormitorios se han dise\u00f1ado en un espectro de colores vibrantes, mientras que las \u00e1reas comunes juegan con los colores corporativos de nuestro logotipo inteligente.<\/p>\n<p>Estamos muy orgullosos de haber sido incluidos en<a href=\"https:\/\/www.timeout.com\/london\/hotels\/the-100-best-hotels-in-london\" target=\"_blank\" rel=\"noopener noreferrer\">\"Los 100 mejores hoteles de Londres\" de Time Out.<\/a>&#8216;.<\/p>\n<\/div><\/div><\/div><\/div><\/div><div class=\"vc_col-sm-4 wpb_column vc_column_container\"><div class=\"vc_column-inner\"><div class=\"wpb_wrapper\"><div class=\"w-image style_shadow-1 align_none\"><div class=\"w-image-h\"><img decoding=\"async\" width=\"1024\" height=\"1024\" src=\"https:\/\/www.harlingfordhotel.com\/wp-content\/uploads\/2021\/11\/wolfgang-1024x1024.jpg\" class=\"attachment-large size-large\" alt=\"Wolfgang\" loading=\"lazy\" srcset=\"https:\/\/www.harlingfordhotel.com\/wp-content\/uploads\/2021\/11\/wolfgang-1024x1024.jpg 1024w, https:\/\/www.harlingfordhotel.com\/wp-content\/uploads\/2021\/11\/wolfgang-300x300.jpg 300w, https:\/\/www.harlingfordhotel.com\/wp-content\/uploads\/2021\/11\/wolfgang-150x150.jpg 150w, https:\/\/www.harlingfordhotel.com\/wp-content\/uploads\/2021\/11\/wolfgang-12x12.jpg 12w, https:\/\/www.harlingfordhotel.com\/wp-content\/uploads\/2021\/11\/wolfgang-600x600.jpg 600w, https:\/\/www.harlingfordhotel.com\/wp-content\/uploads\/2021\/11\/wolfgang.jpg 1500w\" sizes=\"auto, (max-width: 1024px) 100vw, 1024px\" \/><\/div><\/div><div class=\"w-separator size_small\"><\/div><div class=\"wpb_text_column caption\"><div class=\"wpb_wrapper\"><p><em>Hi! My name is Wolfgang, I am the newest addition to the Harlingford family.<\/em><\/p>\n<\/div><\/div><\/div><\/div><\/div><\/div><\/div><\/section><section class=\"l-section wpb_row height_medium color_alternate\"><div class=\"l-section-h i-cf\"><div class=\"g-cols vc_row via_flex valign_top type_default stacking_default\"><div class=\"vc_col-sm-4 wpb_column vc_column_container\"><div class=\"vc_column-inner\"><div class=\"wpb_wrapper\"><div class=\"w-image style_shadow-1 align_none\"><div class=\"w-image-h\"><img decoding=\"async\" width=\"1024\" height=\"981\" src=\"https:\/\/www.harlingfordhotel.com\/wp-content\/uploads\/2020\/01\/IMG_20190921_123745-1024x981.jpg\" class=\"attachment-large size-large\" alt=\"Zizi at The Harlingford\" loading=\"lazy\" srcset=\"https:\/\/www.harlingfordhotel.com\/wp-content\/uploads\/2020\/01\/IMG_20190921_123745-1024x981.jpg 1024w, https:\/\/www.harlingfordhotel.com\/wp-content\/uploads\/2020\/01\/IMG_20190921_123745-300x287.jpg 300w, https:\/\/www.harlingfordhotel.com\/wp-content\/uploads\/2020\/01\/IMG_20190921_123745-1536x1471.jpg 1536w, https:\/\/www.harlingfordhotel.com\/wp-content\/uploads\/2020\/01\/IMG_20190921_123745.jpg 1776w\" sizes=\"auto, (max-width: 1024px) 100vw, 1024px\" \/><\/div><\/div><div class=\"w-separator size_small\"><\/div><div class=\"wpb_text_column caption\"><div class=\"wpb_wrapper\"><p><em>\u00a1Hola! Mi nombre es Zizi. Siempre busco a todos los invitados en Harlingford. \u00a1Nos vemos!<\/em><\/p>\n<\/div><\/div><\/div><\/div><\/div><div class=\"vc_col-sm-8 wpb_column vc_column_container\"><div class=\"vc_column-inner\"><div class=\"wpb_wrapper\"><div class=\"wpb_text_column\"><div class=\"wpb_wrapper\"><h2>Historia<\/h2>\n<p>La historia est\u00e1 a tu alrededor en Bloomsbury, un \u00e1rea que se hizo famosa a principios del siglo XX por el c\u00edrculo art\u00edstico de vanguardia conocido como \"Bloomsbury Group\".<\/p>\n<p>Y los edificios del hotel en s\u00ed tienen un pasado fascinante. Originalmente construidas como tres viviendas separadas por el maestro arquitecto y constructor James Burton en 1807. Varias han sido propiedad de un miembro del Parlamento, un teniente coronel retirado, un tutor teol\u00f3gico y el famoso editor Andrew Chatto, fundador de Chatto &amp; Windus.<\/p>\n<\/div><\/div><\/div><\/div><\/div><\/div><\/div><\/section>","protected":false},"excerpt":{"rendered":"The Harlingford The ideal choice for getting the most out of your trip to London. The Harlingford Founded in 1911, The Harlingford is an independent, family-run hotel which has been in the Davies family for three generations since they took it over in 1960. The Harlingford is centrally located in the historic area of Bloomsbury,...","protected":false},"author":1,"featured_media":7790,"parent":0,"menu_order":0,"comment_status":"closed","ping_status":"closed","template":"","meta":{"footnotes":""},"class_list":["post-6415","page","type-page","status-publish","has-post-thumbnail","hentry"],"yoast_head":"<!-- This site is optimized with the Yoast SEO plugin v27.3 - https:\/\/yoast.com\/product\/yoast-seo-wordpress\/ -->\n<title>About - Harlingford Hotel<\/title>\n<meta name=\"description\" content=\"Founded in 1911, The Harlingford is centrally located in the historic area of Bloomsbury, an ideal choice for getting the best out of London.\u00a0\" \/>\n<meta name=\"robots\" content=\"index, follow, max-snippet:-1, max-image-preview:large, max-video-preview:-1\" \/>\n<link rel=\"canonical\" href=\"https:\/\/www.harlingfordhotel.com\/es\/about-harlingford\/\" \/>\n<meta property=\"og:locale\" content=\"es_ES\" \/>\n<meta property=\"og:type\" content=\"article\" \/>\n<meta property=\"og:title\" content=\"About - Harlingford Hotel\" \/>\n<meta property=\"og:description\" content=\"Founded in 1911, The Harlingford is centrally located in the historic area of Bloomsbury, an ideal choice for getting the best out of London.\u00a0\" \/>\n<meta property=\"og:url\" content=\"https:\/\/www.harlingfordhotel.com\/es\/about-harlingford\/\" \/>\n<meta property=\"og:site_name\" content=\"Harlingford Hotel\" \/>\n<meta property=\"article:publisher\" content=\"https:\/\/www.facebook.com\/Harlingford-Hotel-103243997949098\" \/>\n<meta property=\"article:modified_time\" content=\"2023-09-01T12:10:57+00:00\" \/>\n<meta property=\"og:image\" content=\"https:\/\/www.harlingfordhotel.com\/wp-content\/uploads\/2020\/02\/DSC_3732-scaled.jpg\" \/>\n\t<meta property=\"og:image:width\" content=\"2560\" \/>\n\t<meta property=\"og:image:height\" content=\"1707\" \/>\n\t<meta property=\"og:image:type\" content=\"image\/jpeg\" \/>\n<meta name=\"twitter:card\" content=\"summary_large_image\" \/>\n<meta name=\"twitter:label1\" content=\"Tiempo de lectura\" \/>\n\t<meta name=\"twitter:data1\" content=\"2 minutos\" \/>\n<script type=\"application\/ld+json\" class=\"yoast-schema-graph\">{\"@context\":\"https:\\\/\\\/schema.org\",\"@graph\":[{\"@type\":[\"WebPage\",\"AboutPage\"],\"@id\":\"https:\\\/\\\/www.harlingfordhotel.com\\\/about-harlingford\\\/\",\"url\":\"https:\\\/\\\/www.harlingfordhotel.com\\\/about-harlingford\\\/\",\"name\":\"About - Harlingford Hotel\",\"isPartOf\":{\"@id\":\"https:\\\/\\\/www.harlingfordhotel.com\\\/#website\"},\"primaryImageOfPage\":{\"@id\":\"https:\\\/\\\/www.harlingfordhotel.com\\\/about-harlingford\\\/#primaryimage\"},\"image\":{\"@id\":\"https:\\\/\\\/www.harlingfordhotel.com\\\/about-harlingford\\\/#primaryimage\"},\"thumbnailUrl\":\"https:\\\/\\\/www.harlingfordhotel.com\\\/wp-content\\\/uploads\\\/2020\\\/02\\\/DSC_3732-scaled.jpg\",\"datePublished\":\"2018-12-12T15:47:25+00:00\",\"dateModified\":\"2023-09-01T12:10:57+00:00\",\"description\":\"Founded in 1911, The Harlingford is centrally located in the historic area of Bloomsbury, an ideal choice for getting the best out of London.\u00a0\",\"breadcrumb\":{\"@id\":\"https:\\\/\\\/www.harlingfordhotel.com\\\/about-harlingford\\\/#breadcrumb\"},\"inLanguage\":\"es\",\"potentialAction\":[{\"@type\":\"ReadAction\",\"target\":[\"https:\\\/\\\/www.harlingfordhotel.com\\\/about-harlingford\\\/\"]}]},{\"@type\":\"ImageObject\",\"inLanguage\":\"es\",\"@id\":\"https:\\\/\\\/www.harlingfordhotel.com\\\/about-harlingford\\\/#primaryimage\",\"url\":\"https:\\\/\\\/www.harlingfordhotel.com\\\/wp-content\\\/uploads\\\/2020\\\/02\\\/DSC_3732-scaled.jpg\",\"contentUrl\":\"https:\\\/\\\/www.harlingfordhotel.com\\\/wp-content\\\/uploads\\\/2020\\\/02\\\/DSC_3732-scaled.jpg\",\"width\":2560,\"height\":1707,\"caption\":\"The Harlingford\"},{\"@type\":\"BreadcrumbList\",\"@id\":\"https:\\\/\\\/www.harlingfordhotel.com\\\/about-harlingford\\\/#breadcrumb\",\"itemListElement\":[{\"@type\":\"ListItem\",\"position\":1,\"name\":\"Home\",\"item\":\"https:\\\/\\\/www.harlingfordhotel.com\\\/\"},{\"@type\":\"ListItem\",\"position\":2,\"name\":\"About\"}]},{\"@type\":\"WebSite\",\"@id\":\"https:\\\/\\\/www.harlingfordhotel.com\\\/#website\",\"url\":\"https:\\\/\\\/www.harlingfordhotel.com\\\/\",\"name\":\"Harlingford Hotel\",\"description\":\"Independent Family Run Bloomsbury Hotel\",\"publisher\":{\"@id\":\"https:\\\/\\\/www.harlingfordhotel.com\\\/#organization\"},\"potentialAction\":[{\"@type\":\"SearchAction\",\"target\":{\"@type\":\"EntryPoint\",\"urlTemplate\":\"https:\\\/\\\/www.harlingfordhotel.com\\\/?s={search_term_string}\"},\"query-input\":{\"@type\":\"PropertyValueSpecification\",\"valueRequired\":true,\"valueName\":\"search_term_string\"}}],\"inLanguage\":\"es\"},{\"@type\":\"Organization\",\"@id\":\"https:\\\/\\\/www.harlingfordhotel.com\\\/#organization\",\"name\":\"Harlingford Hotel\",\"url\":\"https:\\\/\\\/www.harlingfordhotel.com\\\/\",\"logo\":{\"@type\":\"ImageObject\",\"inLanguage\":\"es\",\"@id\":\"https:\\\/\\\/www.harlingfordhotel.com\\\/#\\\/schema\\\/logo\\\/image\\\/\",\"url\":\"https:\\\/\\\/www.harlingfordhotel.com\\\/wp-content\\\/uploads\\\/2020\\\/02\\\/harlingford-hotel-logo.jpg\",\"contentUrl\":\"https:\\\/\\\/www.harlingfordhotel.com\\\/wp-content\\\/uploads\\\/2020\\\/02\\\/harlingford-hotel-logo.jpg\",\"width\":500,\"height\":122,\"caption\":\"Harlingford Hotel\"},\"image\":{\"@id\":\"https:\\\/\\\/www.harlingfordhotel.com\\\/#\\\/schema\\\/logo\\\/image\\\/\"},\"sameAs\":[\"https:\\\/\\\/www.facebook.com\\\/Harlingford-Hotel-103243997949098\",\"https:\\\/\\\/www.instagram.com\\\/harlingfordhotellondon\\\/\",\"https:\\\/\\\/www.linkedin.com\\\/company\\\/harlingford-hotel\\\/about\\\/\"]}]}<\/script>\n<!-- \/ Yoast SEO plugin. -->","yoast_head_json":{"title":"About - Harlingford Hotel","description":"Founded in 1911, The Harlingford is centrally located in the historic area of Bloomsbury, an ideal choice for getting the best out of London.\u00a0","robots":{"index":"index","follow":"follow","max-snippet":"max-snippet:-1","max-image-preview":"max-image-preview:large","max-video-preview":"max-video-preview:-1"},"canonical":"https:\/\/www.harlingfordhotel.com\/es\/about-harlingford\/","og_locale":"es_ES","og_type":"article","og_title":"About - Harlingford Hotel","og_description":"Founded in 1911, The Harlingford is centrally located in the historic area of Bloomsbury, an ideal choice for getting the best out of London.\u00a0","og_url":"https:\/\/www.harlingfordhotel.com\/es\/about-harlingford\/","og_site_name":"Harlingford Hotel","article_publisher":"https:\/\/www.facebook.com\/Harlingford-Hotel-103243997949098","article_modified_time":"2023-09-01T12:10:57+00:00","og_image":[{"width":2560,"height":1707,"url":"https:\/\/www.harlingfordhotel.com\/wp-content\/uploads\/2020\/02\/DSC_3732-scaled.jpg","type":"image\/jpeg"}],"twitter_card":"summary_large_image","twitter_misc":{"Tiempo de lectura":"2 minutos"},"schema":{"@context":"https:\/\/schema.org","@graph":[{"@type":["WebPage","AboutPage"],"@id":"https:\/\/www.harlingfordhotel.com\/about-harlingford\/","url":"https:\/\/www.harlingfordhotel.com\/about-harlingford\/","name":"About - Harlingford Hotel","isPartOf":{"@id":"https:\/\/www.harlingfordhotel.com\/#website"},"primaryImageOfPage":{"@id":"https:\/\/www.harlingfordhotel.com\/about-harlingford\/#primaryimage"},"image":{"@id":"https:\/\/www.harlingfordhotel.com\/about-harlingford\/#primaryimage"},"thumbnailUrl":"https:\/\/www.harlingfordhotel.com\/wp-content\/uploads\/2020\/02\/DSC_3732-scaled.jpg","datePublished":"2018-12-12T15:47:25+00:00","dateModified":"2023-09-01T12:10:57+00:00","description":"Founded in 1911, The Harlingford is centrally located in the historic area of Bloomsbury, an ideal choice for getting the best out of London.\u00a0","breadcrumb":{"@id":"https:\/\/www.harlingfordhotel.com\/about-harlingford\/#breadcrumb"},"inLanguage":"es","potentialAction":[{"@type":"ReadAction","target":["https:\/\/www.harlingfordhotel.com\/about-harlingford\/"]}]},{"@type":"ImageObject","inLanguage":"es","@id":"https:\/\/www.harlingfordhotel.com\/about-harlingford\/#primaryimage","url":"https:\/\/www.harlingfordhotel.com\/wp-content\/uploads\/2020\/02\/DSC_3732-scaled.jpg","contentUrl":"https:\/\/www.harlingfordhotel.com\/wp-content\/uploads\/2020\/02\/DSC_3732-scaled.jpg","width":2560,"height":1707,"caption":"The Harlingford"},{"@type":"BreadcrumbList","@id":"https:\/\/www.harlingfordhotel.com\/about-harlingford\/#breadcrumb","itemListElement":[{"@type":"ListItem","position":1,"name":"Home","item":"https:\/\/www.harlingfordhotel.com\/"},{"@type":"ListItem","position":2,"name":"About"}]},{"@type":"WebSite","@id":"https:\/\/www.harlingfordhotel.com\/#website","url":"https:\/\/www.harlingfordhotel.com\/","name":"Harlingford Hotel","description":"Independent Family Run Bloomsbury Hotel","publisher":{"@id":"https:\/\/www.harlingfordhotel.com\/#organization"},"potentialAction":[{"@type":"SearchAction","target":{"@type":"EntryPoint","urlTemplate":"https:\/\/www.harlingfordhotel.com\/?s={search_term_string}"},"query-input":{"@type":"PropertyValueSpecification","valueRequired":true,"valueName":"search_term_string"}}],"inLanguage":"es"},{"@type":"Organization","@id":"https:\/\/www.harlingfordhotel.com\/#organization","name":"Harlingford Hotel","url":"https:\/\/www.harlingfordhotel.com\/","logo":{"@type":"ImageObject","inLanguage":"es","@id":"https:\/\/www.harlingfordhotel.com\/#\/schema\/logo\/image\/","url":"https:\/\/www.harlingfordhotel.com\/wp-content\/uploads\/2020\/02\/harlingford-hotel-logo.jpg","contentUrl":"https:\/\/www.harlingfordhotel.com\/wp-content\/uploads\/2020\/02\/harlingford-hotel-logo.jpg","width":500,"height":122,"caption":"Harlingford Hotel"},"image":{"@id":"https:\/\/www.harlingfordhotel.com\/#\/schema\/logo\/image\/"},"sameAs":["https:\/\/www.facebook.com\/Harlingford-Hotel-103243997949098","https:\/\/www.instagram.com\/harlingfordhotellondon\/","https:\/\/www.linkedin.com\/company\/harlingford-hotel\/about\/"]}]}},"_links":{"self":[{"href":"https:\/\/www.harlingfordhotel.com\/es\/wp-json\/wp\/v2\/pages\/6415","targetHints":{"allow":["GET"]}}],"collection":[{"href":"https:\/\/www.harlingfordhotel.com\/es\/wp-json\/wp\/v2\/pages"}],"about":[{"href":"https:\/\/www.harlingfordhotel.com\/es\/wp-json\/wp\/v2\/types\/page"}],"author":[{"embeddable":true,"href":"https:\/\/www.harlingfordhotel.com\/es\/wp-json\/wp\/v2\/users\/1"}],"replies":[{"embeddable":true,"href":"https:\/\/www.harlingfordhotel.com\/es\/wp-json\/wp\/v2\/comments?post=6415"}],"version-history":[{"count":0,"href":"https:\/\/www.harlingfordhotel.com\/es\/wp-json\/wp\/v2\/pages\/6415\/revisions"}],"wp:featuredmedia":[{"embeddable":true,"href":"https:\/\/www.harlingfordhotel.com\/es\/wp-json\/wp\/v2\/media\/7790"}],"wp:attachment":[{"href":"https:\/\/www.harlingfordhotel.com\/es\/wp-json\/wp\/v2\/media?parent=6415"}],"curies":[{"name":"wp","href":"https:\/\/api.w.org\/{rel}","templated":true}]}}