{"id":8697,"date":"2024-11-14T15:07:17","date_gmt":"2024-11-14T15:07:17","guid":{"rendered":"https:\/\/www.harlingfordhotel.com\/?page_id=8697"},"modified":"2025-11-14T09:10:55","modified_gmt":"2025-11-14T09:10:55","slug":"our-neighbourhood","status":"publish","type":"page","link":"https:\/\/www.harlingfordhotel.com\/es\/our-neighbourhood\/","title":{"rendered":"Our Neighbourhood"},"content":{"rendered":"<section class=\"l-section wpb_row height_medium\"><div class=\"l-section-h i-cf\"><div class=\"g-cols vc_row via_flex valign_top type_default stacking_default\"><div class=\"vc_col-sm-12 wpb_column vc_column_container\"><div class=\"vc_column-inner\"><div class=\"wpb_wrapper\"><div class=\"wpb_text_column\"><div class=\"wpb_wrapper\"><h1 class=\"p1\">Our Neighbourhood<\/h1>\n<p class=\"p1\">Tenemos la suerte de estar ubicados en el coraz\u00f3n de Bloomsbury, una zona encantadora y vibrante en el centro de Londres. Nuestro vecindario hist\u00f3rico cuenta con diversas opciones gastron\u00f3micas, lugares culturales y hermosos jardines. Explore las librer\u00edas independientes locales, por las que Bloomsbury es famoso, disfrute de un paseo por Russell Square, visite el Museo Brit\u00e1nico o rel\u00e1jese en una cafeter\u00eda cercana. Siempre hay algo que descubrir a solo unos pasos de nuestra puerta. Disfrutar.<\/p>\n<\/div><\/div><\/div><\/div><\/div><\/div><\/div><\/section><section class=\"l-section wpb_row height_auto\"><div class=\"l-section-h i-cf\"><div class=\"g-cols vc_row via_flex valign_top type_default stacking_default\"><div class=\"vc_col-sm-12 wpb_column vc_column_container\"><div class=\"vc_column-inner\"><div class=\"wpb_wrapper\"><div class=\"w-tabs layout_hor style_default switch_click has_scrolling\" style=\"--sections-title-size:1em\"><div class=\"w-tabs-list items_4 align_justify\"><div class=\"w-tabs-list-h\"><button class=\"w-tabs-item active\" aria-controls=\"content-e9de\" aria-expanded=\"false\"><span class=\"w-tabs-item-title\">RESTAURANTES<\/span><\/button><button class=\"w-tabs-item\" aria-controls=\"content-b654\" aria-expanded=\"false\"><span class=\"w-tabs-item-title\">CAF\u00c9S Y PANADER\u00cdAS<\/span><\/button><button class=\"w-tabs-item\" aria-controls=\"content-r292\" aria-expanded=\"false\"><span class=\"w-tabs-item-title\">LUGARES CULTURALES<\/span><\/button><button class=\"w-tabs-item\" aria-controls=\"content-tf05\" aria-expanded=\"false\"><span class=\"w-tabs-item-title\">LIBRER\u00cdAS<\/span><\/button><\/div><\/div><div class=\"w-tabs-sections titles-align_none icon_chevron cpos_right\"><div class=\"w-tabs-section active\" id=\"e9de\"><button class=\"w-tabs-section-header active\" aria-controls=\"content-e9de\" aria-expanded=\"true\"><div class=\"w-tabs-section-title\">RESTAURANTES<\/div><div class=\"w-tabs-section-control\"><\/div><\/button><div  class=\"w-tabs-section-content\" id=\"content-e9de\"><div class=\"w-tabs-section-content-h i-cf\"><div class=\"w-separator size_small\"><\/div><div class=\"g-cols wpb_row via_flex valign_middle type_default stacking_default\" style=\"--additional-gap:10px;\"><div class=\"vc_col-sm-4 wpb_column vc_column_container has_bg_color\"><div class=\"vc_column-inner us_custom_57621a7e\"><div class=\"wpb_wrapper\"><div class=\"wpb_text_column\"><div class=\"wpb_wrapper\"><h3 class=\"p1\" style=\"text-align: center;\">Pizza Sophia<\/h3>\n<p class=\"p1\" style=\"text-align: center;\">Pizzer\u00eda local independiente.<\/p>\n<p class=\"p1\" style=\"text-align: center;\">Horario: Lunes a Domingo 12:00 \u2013 22:00.<\/p>\n<p class=\"p1\" style=\"text-align: center;\">A dos minutos a pie del hotel Harlingford<\/p>\n<\/div><\/div><div class=\"w-separator size_small\"><\/div><div class=\"w-btn-wrapper align_center\"><a class=\"w-btn us-btn-style_11\" href=\"https:\/\/pizzasophia.com\/\"><span class=\"w-btn-label\">IR AL SITIO WEB<\/span><\/a><\/div><\/div><\/div><\/div><div class=\"vc_col-sm-4 wpb_column vc_column_container has_bg_color\"><div class=\"vc_column-inner us_custom_57621a7e\"><div class=\"wpb_wrapper\"><div class=\"wpb_text_column\"><div class=\"wpb_wrapper\"><h3 class=\"p1\" style=\"text-align: center;\">Fig and Walnut<\/h3>\n<p class=\"p1\" style=\"text-align: center;\">Charming Mediterranean neighbourhood restaurant.<\/p>\n<p class=\"p1\" style=\"text-align: center;\">Opening times: Monday to Sunday 08:00 \u2013 23:00<\/p>\n<p class=\"p1\" style=\"text-align: center;\">A dos minutos a pie del hotel Harlingford.<\/p>\n<\/div><\/div><div class=\"w-separator size_small\"><\/div><div class=\"w-btn-wrapper align_center\"><a class=\"w-btn us-btn-style_11\" href=\"https:\/\/figandwalnutkitchen.co.uk\/\"><span class=\"w-btn-label\">IR AL SITIO WEB<\/span><\/a><\/div><\/div><\/div><\/div><div class=\"vc_col-sm-4 wpb_column vc_column_container has_bg_color\"><div class=\"vc_column-inner us_custom_57621a7e\"><div class=\"wpb_wrapper\"><div class=\"wpb_text_column\"><div class=\"wpb_wrapper\"><h3 class=\"p1\" style=\"text-align: center;\">North Sea Fish<\/h3>\n<p class=\"p1\" style=\"text-align: center;\">El mejor pescado y patatas fritas de la ciudad.<\/p>\n<p class=\"p1\" style=\"text-align: center;\">Horario: lunes 17:00 \u2013 21:30, martes a s\u00e1bado 12:00 \u2013 14:30 \/ 17:00 \u2013 21:30<\/p>\n<p class=\"p1\" style=\"text-align: center;\">A un minuto a pie del hotel Harlingford.<\/p>\n<\/div><\/div><div class=\"w-separator size_small\"><\/div><div class=\"w-btn-wrapper align_center\"><a class=\"w-btn us-btn-style_11\" href=\"http:\/\/northseafishrestaurant.co.uk\/\"><span class=\"w-btn-label\">IR AL SITIO WEB<\/span><\/a><\/div><\/div><\/div><\/div><\/div><div class=\"w-separator size_small\"><\/div><div class=\"w-separator size_small\"><\/div><\/div><\/div><\/div><div class=\"w-tabs-section\" id=\"b654\"><button class=\"w-tabs-section-header\" aria-controls=\"content-b654\" aria-expanded=\"false\"><div class=\"w-tabs-section-title\">CAF\u00c9S Y PANADER\u00cdAS<\/div><div class=\"w-tabs-section-control\"><\/div><\/button><div  class=\"w-tabs-section-content\" id=\"content-b654\"><div class=\"w-tabs-section-content-h i-cf\"><div class=\"w-separator size_small\"><\/div><div class=\"g-cols wpb_row via_flex valign_top type_default stacking_default\" style=\"--additional-gap:10px;\"><div class=\"vc_col-sm-4 wpb_column vc_column_container has_bg_color\"><div class=\"vc_column-inner us_custom_57621a7e\"><div class=\"wpb_wrapper\"><div class=\"wpb_text_column\"><div class=\"wpb_wrapper\"><h3 class=\"p1\" style=\"text-align: center;\">Fortitude Bakehouse<\/h3>\n<p class=\"p1\" style=\"text-align: center;\">Panader\u00eda excepcional: \u00a1es TikTok famosa y por una buena raz\u00f3n!<\/p>\n<p class=\"p1\" style=\"text-align: center;\">Horario: Lunes a Viernes 07:30 \u2013 15:30, cerrado S\u00e1bado a Domingo.<\/p>\n<p class=\"p1\" style=\"text-align: center;\">Seis minutos a pie desde The Harlingford Hotel.<\/p>\n<\/div><\/div><div class=\"w-separator size_small\"><\/div><div class=\"w-btn-wrapper align_center\"><a class=\"w-btn us-btn-style_11\" href=\"https:\/\/www.fortitudebakehouse.com\/\"><span class=\"w-btn-label\">IR AL SITIO WEB<\/span><\/a><\/div><\/div><\/div><\/div><div class=\"vc_col-sm-4 wpb_column vc_column_container has_bg_color\"><div class=\"vc_column-inner us_custom_57621a7e\"><div class=\"wpb_wrapper\"><div class=\"wpb_text_column\"><div class=\"wpb_wrapper\"><h3 class=\"p1\" style=\"text-align: center;\">Fork Deli Patisserie<\/h3>\n<p class=\"p1\" style=\"text-align: center;\">Preciosa cafeter\u00eda relajada.<\/p>\n<p class=\"p1\" style=\"text-align: center;\">Horario: lunes a mi\u00e9rcoles 9:00 \u2013 17:00, jueves a viernes 9:00 \u2013 22:00, s\u00e1bado 10:00 \u2013 17:00, domingo cerrado.<\/p>\n<p class=\"p1\" style=\"text-align: center;\">A un minuto a pie del hotel Harlingford.<\/p>\n<\/div><\/div><div class=\"w-separator size_small\"><\/div><div class=\"w-btn-wrapper align_center\"><a class=\"w-btn us-btn-style_11\" href=\"https:\/\/www.forkbloomsbury.co.uk\/\"><span class=\"w-btn-label\">IR AL SITIO WEB<\/span><\/a><\/div><\/div><\/div><\/div><div class=\"vc_col-sm-4 wpb_column vc_column_container has_bg_color\"><div class=\"vc_column-inner us_custom_57621a7e\"><div class=\"wpb_wrapper\"><div class=\"wpb_text_column\"><div class=\"wpb_wrapper\"><h3 class=\"p1\" style=\"text-align: center;\">P\u00e2tisserie Deux Amis<\/h3>\n<p class=\"p1\" style=\"text-align: center;\">Bonita cafeter\u00eda francesa abierta s\u00f3lo los fines de semana.<\/p>\n<p class=\"p1\" style=\"text-align: center;\">Horario: Lunes a S\u00e1bado 09:00 \u2013 17:30, Domingos 09:30 \u2013 14:00.<\/p>\n<p class=\"p1\" style=\"text-align: center;\">A dos minutos a pie del Hotel Harlingford.<\/p>\n<\/div><\/div><div class=\"w-separator size_small\"><\/div><div class=\"w-btn-wrapper align_center\"><a class=\"w-btn us-btn-style_11\" href=\"https:\/\/www.patisseriedeuxamis.co.uk\/\"><span class=\"w-btn-label\">IR AL SITIO WEB<\/span><\/a><\/div><\/div><\/div><\/div><\/div><div class=\"w-separator size_small\"><\/div><\/div><\/div><\/div><div class=\"w-tabs-section\" id=\"r292\"><button class=\"w-tabs-section-header\" aria-controls=\"content-r292\" aria-expanded=\"false\"><div class=\"w-tabs-section-title\">LUGARES CULTURALES<\/div><div class=\"w-tabs-section-control\"><\/div><\/button><div  class=\"w-tabs-section-content\" id=\"content-r292\"><div class=\"w-tabs-section-content-h i-cf\"><div class=\"w-separator size_small\"><\/div><div class=\"g-cols wpb_row via_flex valign_top type_default stacking_default\" style=\"--additional-gap:10px;\"><div class=\"vc_col-sm-4 wpb_column vc_column_container has_bg_color\"><div class=\"vc_column-inner us_custom_57621a7e\"><div class=\"wpb_wrapper\"><div class=\"wpb_text_column\"><div class=\"wpb_wrapper\"><h3 class=\"p1\" style=\"text-align: center;\">British Library<\/h3>\n<p class=\"p1\" style=\"text-align: center;\">Horario: lunes a jueves 9:30 \u2013 20:00, viernes 9:30 \u2013 18:00, s\u00e1bado 9:30 \u2013 17:00, domingo 11:00 \u2013 17:00.<\/p>\n<p class=\"p1\" style=\"text-align: center;\">A cinco minutos a pie del hotel Harlingford.<\/p>\n<\/div><\/div><div class=\"w-separator size_small\"><\/div><div class=\"w-btn-wrapper align_center\"><a class=\"w-btn us-btn-style_11\" href=\"https:\/\/www.bl.uk\/whats-on\/\"><span class=\"w-btn-label\">IR AL SITIO WEB<\/span><\/a><\/div><\/div><\/div><\/div><div class=\"vc_col-sm-4 wpb_column vc_column_container has_bg_color\"><div class=\"vc_column-inner us_custom_57621a7e\"><div class=\"wpb_wrapper\"><div class=\"wpb_text_column\"><div class=\"wpb_wrapper\"><h3 class=\"p1\" style=\"text-align: center;\">British Museum<\/h3>\n<p class=\"p1\" style=\"text-align: center;\">Horario: S\u00e1bado a jueves 10:00 \u2013 17:00, viernes 10:00 \u2013 20:30.<\/p>\n<p class=\"p1\" style=\"text-align: center;\">A quince minutos a pie del hotel Harlingford.<\/p>\n<\/div><\/div><div class=\"w-separator size_small\"><\/div><div class=\"w-btn-wrapper align_center\"><a class=\"w-btn us-btn-style_11\" href=\"https:\/\/www.britishmuseum.org\/\"><span class=\"w-btn-label\">IR AL SITIO WEB<\/span><\/a><\/div><\/div><\/div><\/div><div class=\"vc_col-sm-4 wpb_column vc_column_container has_bg_color\"><div class=\"vc_column-inner us_custom_57621a7e\"><div class=\"wpb_wrapper\"><div class=\"wpb_text_column\"><div class=\"wpb_wrapper\"><h3 class=\"p1\" style=\"text-align: center;\">Charles Dickens Museum<\/h3>\n<p class=\"p1\" style=\"text-align: center;\">Horario: mi\u00e9rcoles a domingo 10:00 \u2013 17:00, cerrado lunes y martes.<\/p>\n<p class=\"p1\" style=\"text-align: center;\">Catorce minutos a pie desde The Harlingford Hotel.<\/p>\n<\/div><\/div><div class=\"w-separator size_small\"><\/div><div class=\"w-btn-wrapper align_center\"><a class=\"w-btn us-btn-style_11\" href=\"https:\/\/dickensmuseum.com\/\"><span class=\"w-btn-label\">IR AL SITIO WEB<\/span><\/a><\/div><\/div><\/div><\/div><\/div><div class=\"w-separator size_small\"><\/div><\/div><\/div><\/div><div class=\"w-tabs-section\" id=\"tf05\"><button class=\"w-tabs-section-header\" aria-controls=\"content-tf05\" aria-expanded=\"false\"><div class=\"w-tabs-section-title\">LIBRER\u00cdAS<\/div><div class=\"w-tabs-section-control\"><\/div><\/button><div  class=\"w-tabs-section-content\" id=\"content-tf05\"><div class=\"w-tabs-section-content-h i-cf\"><div class=\"w-separator size_small\"><\/div><div class=\"g-cols wpb_row via_flex valign_top type_default stacking_default\" style=\"--additional-gap:10px;\"><div class=\"vc_col-sm-4 wpb_column vc_column_container has_bg_color\"><div class=\"vc_column-inner us_custom_57621a7e\"><div class=\"wpb_wrapper\"><div class=\"wpb_text_column\"><div class=\"wpb_wrapper\"><h3 class=\"p1\" style=\"text-align: center;\">Gay&#8217;s the Word<\/h3>\n<p class=\"p1\" style=\"text-align: center;\">Horario: Lunes a S\u00e1bado 11:00 \u2013 18:00, Domingo 13:00 \u2013 18:00.<\/p>\n<p class=\"p1\" style=\"text-align: center;\">A dos minutos a pie del Hotel Harlingford.<\/p>\n<\/div><\/div><div class=\"w-separator size_small\"><\/div><div class=\"w-btn-wrapper align_center\"><a class=\"w-btn us-btn-style_11\" href=\"https:\/\/www.gaystheword.co.uk\/\"><span class=\"w-btn-label\">IR AL SITIO WEB<\/span><\/a><\/div><\/div><\/div><\/div><div class=\"vc_col-sm-4 wpb_column vc_column_container has_bg_color\"><div class=\"vc_column-inner us_custom_57621a7e\"><div class=\"wpb_wrapper\"><div class=\"wpb_text_column\"><div class=\"wpb_wrapper\"><h3 class=\"p1\" style=\"text-align: center;\">Word on the Water<\/h3>\n<p class=\"p1\" style=\"text-align: center;\">Horario: Lunes a Domingo 12:00 \u2013 19:00.<\/p>\n<p class=\"p1\" style=\"text-align: center;\">Diecisiete minutos a pie desde The Harlingford Hotel.<\/p>\n<\/div><\/div><div class=\"w-separator size_small\"><\/div><div class=\"w-btn-wrapper align_center\"><a class=\"w-btn us-btn-style_11\" href=\"https:\/\/www.wordonthewater.co.uk\/\"><span class=\"w-btn-label\">IR AL SITIO WEB<\/span><\/a><\/div><\/div><\/div><\/div><div class=\"vc_col-sm-4 wpb_column vc_column_container has_bg_color\"><div class=\"vc_column-inner us_custom_57621a7e\"><div class=\"wpb_wrapper\"><div class=\"wpb_text_column\"><div class=\"wpb_wrapper\"><h3 class=\"p1\" style=\"text-align: center;\">Judd Books<\/h3>\n<p class=\"p1\" style=\"text-align: center;\">Horario: Lunes a S\u00e1bado 11:00 \u2013 19:00, Domingo 12:00 \u2013 18:00.<\/p>\n<p class=\"p1\" style=\"text-align: center;\">A un minuto a pie del hotel Harlingford.<\/p>\n<\/div><\/div><div class=\"w-separator size_small\"><\/div><div class=\"w-btn-wrapper align_center\"><a class=\"w-btn us-btn-style_11\" href=\"https:\/\/www.instagram.com\/juddbooks\/?hl=en\"><span class=\"w-btn-label\">IR AL SITIO WEB<\/span><\/a><\/div><\/div><\/div><\/div><\/div><div class=\"w-separator size_small\"><\/div><\/div><\/div><\/div><\/div><\/div><\/div><\/div><\/div><\/div><\/div><\/section><section class=\"l-section wpb_row height_auto color_secondary\"><div class=\"l-section-h i-cf\"><div class=\"g-cols vc_row via_flex valign_top type_default stacking_default\"><div class=\"vc_col-sm-12 wpb_column vc_column_container\"><div class=\"vc_column-inner\"><div class=\"wpb_wrapper\"><div class=\"w-separator size_small\"><\/div><\/div><\/div><\/div><\/div><\/div><\/section>","protected":false},"excerpt":{"rendered":"Our Neighbourhood We are lucky enough to be located in the heart of Bloomsbury, a charming, vibrant area in the centre of London. Our historic neighbourhood boasts diverse dining options, cultural hotspots, and beautiful gardens. Explore the local independent bookshops, for which Bloomsbury is famous, enjoy a stroll through Russell Square, visit the British Museum,...","protected":false},"author":1,"featured_media":8580,"parent":0,"menu_order":0,"comment_status":"closed","ping_status":"closed","template":"","meta":{"footnotes":""},"class_list":["post-8697","page","type-page","status-publish","has-post-thumbnail","hentry"],"yoast_head":"<!-- This site is optimized with the Yoast SEO plugin v27.3 - https:\/\/yoast.com\/product\/yoast-seo-wordpress\/ -->\n<title>Our Neighbourhood - Harlingford Hotel<\/title>\n<meta name=\"description\" content=\"The Harlingford is lucky enough to be located in the heart of Bloomsbury, a charming, vibrant area in the centre of London.\" \/>\n<meta name=\"robots\" content=\"index, follow, max-snippet:-1, max-image-preview:large, max-video-preview:-1\" \/>\n<link rel=\"canonical\" href=\"https:\/\/www.harlingfordhotel.com\/es\/our-neighbourhood\/\" \/>\n<meta property=\"og:locale\" content=\"es_ES\" \/>\n<meta property=\"og:type\" content=\"article\" \/>\n<meta property=\"og:title\" content=\"Our Neighbourhood - Harlingford Hotel\" \/>\n<meta property=\"og:description\" content=\"The Harlingford is lucky enough to be located in the heart of Bloomsbury, a charming, vibrant area in the centre of London.\" \/>\n<meta property=\"og:url\" content=\"https:\/\/www.harlingfordhotel.com\/es\/our-neighbourhood\/\" \/>\n<meta property=\"og:site_name\" content=\"Harlingford Hotel\" \/>\n<meta property=\"article:publisher\" content=\"https:\/\/www.facebook.com\/Harlingford-Hotel-103243997949098\" \/>\n<meta property=\"article:modified_time\" content=\"2025-11-14T09:10:55+00:00\" \/>\n<meta property=\"og:image\" content=\"https:\/\/www.harlingfordhotel.com\/wp-content\/uploads\/2024\/01\/Harlingford.jpg\" \/>\n\t<meta property=\"og:image:width\" content=\"1920\" \/>\n\t<meta property=\"og:image:height\" content=\"880\" \/>\n\t<meta property=\"og:image:type\" content=\"image\/jpeg\" \/>\n<meta name=\"twitter:card\" content=\"summary_large_image\" \/>\n<meta name=\"twitter:label1\" content=\"Tiempo de lectura\" \/>\n\t<meta name=\"twitter:data1\" content=\"3 minutos\" \/>\n<script type=\"application\/ld+json\" class=\"yoast-schema-graph\">{\"@context\":\"https:\\\/\\\/schema.org\",\"@graph\":[{\"@type\":\"WebPage\",\"@id\":\"https:\\\/\\\/www.harlingfordhotel.com\\\/our-neighbourhood\\\/\",\"url\":\"https:\\\/\\\/www.harlingfordhotel.com\\\/our-neighbourhood\\\/\",\"name\":\"Our Neighbourhood - Harlingford Hotel\",\"isPartOf\":{\"@id\":\"https:\\\/\\\/www.harlingfordhotel.com\\\/#website\"},\"primaryImageOfPage\":{\"@id\":\"https:\\\/\\\/www.harlingfordhotel.com\\\/our-neighbourhood\\\/#primaryimage\"},\"image\":{\"@id\":\"https:\\\/\\\/www.harlingfordhotel.com\\\/our-neighbourhood\\\/#primaryimage\"},\"thumbnailUrl\":\"https:\\\/\\\/www.harlingfordhotel.com\\\/wp-content\\\/uploads\\\/2024\\\/01\\\/Harlingford.jpg\",\"datePublished\":\"2024-11-14T15:07:17+00:00\",\"dateModified\":\"2025-11-14T09:10:55+00:00\",\"description\":\"The Harlingford is lucky enough to be located in the heart of Bloomsbury, a charming, vibrant area in the centre of London.\",\"breadcrumb\":{\"@id\":\"https:\\\/\\\/www.harlingfordhotel.com\\\/our-neighbourhood\\\/#breadcrumb\"},\"inLanguage\":\"es\",\"potentialAction\":[{\"@type\":\"ReadAction\",\"target\":[\"https:\\\/\\\/www.harlingfordhotel.com\\\/our-neighbourhood\\\/\"]}]},{\"@type\":\"ImageObject\",\"inLanguage\":\"es\",\"@id\":\"https:\\\/\\\/www.harlingfordhotel.com\\\/our-neighbourhood\\\/#primaryimage\",\"url\":\"https:\\\/\\\/www.harlingfordhotel.com\\\/wp-content\\\/uploads\\\/2024\\\/01\\\/Harlingford.jpg\",\"contentUrl\":\"https:\\\/\\\/www.harlingfordhotel.com\\\/wp-content\\\/uploads\\\/2024\\\/01\\\/Harlingford.jpg\",\"width\":1920,\"height\":880,\"caption\":\"The Harlingford Hotel\"},{\"@type\":\"BreadcrumbList\",\"@id\":\"https:\\\/\\\/www.harlingfordhotel.com\\\/our-neighbourhood\\\/#breadcrumb\",\"itemListElement\":[{\"@type\":\"ListItem\",\"position\":1,\"name\":\"Home\",\"item\":\"https:\\\/\\\/www.harlingfordhotel.com\\\/\"},{\"@type\":\"ListItem\",\"position\":2,\"name\":\"Our Neighbourhood\"}]},{\"@type\":\"WebSite\",\"@id\":\"https:\\\/\\\/www.harlingfordhotel.com\\\/#website\",\"url\":\"https:\\\/\\\/www.harlingfordhotel.com\\\/\",\"name\":\"Harlingford Hotel\",\"description\":\"Independent Family Run Bloomsbury Hotel\",\"publisher\":{\"@id\":\"https:\\\/\\\/www.harlingfordhotel.com\\\/#organization\"},\"potentialAction\":[{\"@type\":\"SearchAction\",\"target\":{\"@type\":\"EntryPoint\",\"urlTemplate\":\"https:\\\/\\\/www.harlingfordhotel.com\\\/?s={search_term_string}\"},\"query-input\":{\"@type\":\"PropertyValueSpecification\",\"valueRequired\":true,\"valueName\":\"search_term_string\"}}],\"inLanguage\":\"es\"},{\"@type\":\"Organization\",\"@id\":\"https:\\\/\\\/www.harlingfordhotel.com\\\/#organization\",\"name\":\"Harlingford Hotel\",\"url\":\"https:\\\/\\\/www.harlingfordhotel.com\\\/\",\"logo\":{\"@type\":\"ImageObject\",\"inLanguage\":\"es\",\"@id\":\"https:\\\/\\\/www.harlingfordhotel.com\\\/#\\\/schema\\\/logo\\\/image\\\/\",\"url\":\"https:\\\/\\\/www.harlingfordhotel.com\\\/wp-content\\\/uploads\\\/2020\\\/02\\\/harlingford-hotel-logo.jpg\",\"contentUrl\":\"https:\\\/\\\/www.harlingfordhotel.com\\\/wp-content\\\/uploads\\\/2020\\\/02\\\/harlingford-hotel-logo.jpg\",\"width\":500,\"height\":122,\"caption\":\"Harlingford Hotel\"},\"image\":{\"@id\":\"https:\\\/\\\/www.harlingfordhotel.com\\\/#\\\/schema\\\/logo\\\/image\\\/\"},\"sameAs\":[\"https:\\\/\\\/www.facebook.com\\\/Harlingford-Hotel-103243997949098\",\"https:\\\/\\\/www.instagram.com\\\/harlingfordhotellondon\\\/\",\"https:\\\/\\\/www.linkedin.com\\\/company\\\/harlingford-hotel\\\/about\\\/\"]}]}<\/script>\n<!-- \/ Yoast SEO plugin. -->","yoast_head_json":{"title":"Our Neighbourhood - Harlingford Hotel","description":"The Harlingford is lucky enough to be located in the heart of Bloomsbury, a charming, vibrant area in the centre of London.","robots":{"index":"index","follow":"follow","max-snippet":"max-snippet:-1","max-image-preview":"max-image-preview:large","max-video-preview":"max-video-preview:-1"},"canonical":"https:\/\/www.harlingfordhotel.com\/es\/our-neighbourhood\/","og_locale":"es_ES","og_type":"article","og_title":"Our Neighbourhood - Harlingford Hotel","og_description":"The Harlingford is lucky enough to be located in the heart of Bloomsbury, a charming, vibrant area in the centre of London.","og_url":"https:\/\/www.harlingfordhotel.com\/es\/our-neighbourhood\/","og_site_name":"Harlingford Hotel","article_publisher":"https:\/\/www.facebook.com\/Harlingford-Hotel-103243997949098","article_modified_time":"2025-11-14T09:10:55+00:00","og_image":[{"width":1920,"height":880,"url":"https:\/\/www.harlingfordhotel.com\/wp-content\/uploads\/2024\/01\/Harlingford.jpg","type":"image\/jpeg"}],"twitter_card":"summary_large_image","twitter_misc":{"Tiempo de lectura":"3 minutos"},"schema":{"@context":"https:\/\/schema.org","@graph":[{"@type":"WebPage","@id":"https:\/\/www.harlingfordhotel.com\/our-neighbourhood\/","url":"https:\/\/www.harlingfordhotel.com\/our-neighbourhood\/","name":"Our Neighbourhood - Harlingford Hotel","isPartOf":{"@id":"https:\/\/www.harlingfordhotel.com\/#website"},"primaryImageOfPage":{"@id":"https:\/\/www.harlingfordhotel.com\/our-neighbourhood\/#primaryimage"},"image":{"@id":"https:\/\/www.harlingfordhotel.com\/our-neighbourhood\/#primaryimage"},"thumbnailUrl":"https:\/\/www.harlingfordhotel.com\/wp-content\/uploads\/2024\/01\/Harlingford.jpg","datePublished":"2024-11-14T15:07:17+00:00","dateModified":"2025-11-14T09:10:55+00:00","description":"The Harlingford is lucky enough to be located in the heart of Bloomsbury, a charming, vibrant area in the centre of London.","breadcrumb":{"@id":"https:\/\/www.harlingfordhotel.com\/our-neighbourhood\/#breadcrumb"},"inLanguage":"es","potentialAction":[{"@type":"ReadAction","target":["https:\/\/www.harlingfordhotel.com\/our-neighbourhood\/"]}]},{"@type":"ImageObject","inLanguage":"es","@id":"https:\/\/www.harlingfordhotel.com\/our-neighbourhood\/#primaryimage","url":"https:\/\/www.harlingfordhotel.com\/wp-content\/uploads\/2024\/01\/Harlingford.jpg","contentUrl":"https:\/\/www.harlingfordhotel.com\/wp-content\/uploads\/2024\/01\/Harlingford.jpg","width":1920,"height":880,"caption":"The Harlingford Hotel"},{"@type":"BreadcrumbList","@id":"https:\/\/www.harlingfordhotel.com\/our-neighbourhood\/#breadcrumb","itemListElement":[{"@type":"ListItem","position":1,"name":"Home","item":"https:\/\/www.harlingfordhotel.com\/"},{"@type":"ListItem","position":2,"name":"Our Neighbourhood"}]},{"@type":"WebSite","@id":"https:\/\/www.harlingfordhotel.com\/#website","url":"https:\/\/www.harlingfordhotel.com\/","name":"Harlingford Hotel","description":"Independent Family Run Bloomsbury Hotel","publisher":{"@id":"https:\/\/www.harlingfordhotel.com\/#organization"},"potentialAction":[{"@type":"SearchAction","target":{"@type":"EntryPoint","urlTemplate":"https:\/\/www.harlingfordhotel.com\/?s={search_term_string}"},"query-input":{"@type":"PropertyValueSpecification","valueRequired":true,"valueName":"search_term_string"}}],"inLanguage":"es"},{"@type":"Organization","@id":"https:\/\/www.harlingfordhotel.com\/#organization","name":"Harlingford Hotel","url":"https:\/\/www.harlingfordhotel.com\/","logo":{"@type":"ImageObject","inLanguage":"es","@id":"https:\/\/www.harlingfordhotel.com\/#\/schema\/logo\/image\/","url":"https:\/\/www.harlingfordhotel.com\/wp-content\/uploads\/2020\/02\/harlingford-hotel-logo.jpg","contentUrl":"https:\/\/www.harlingfordhotel.com\/wp-content\/uploads\/2020\/02\/harlingford-hotel-logo.jpg","width":500,"height":122,"caption":"Harlingford Hotel"},"image":{"@id":"https:\/\/www.harlingfordhotel.com\/#\/schema\/logo\/image\/"},"sameAs":["https:\/\/www.facebook.com\/Harlingford-Hotel-103243997949098","https:\/\/www.instagram.com\/harlingfordhotellondon\/","https:\/\/www.linkedin.com\/company\/harlingford-hotel\/about\/"]}]}},"_links":{"self":[{"href":"https:\/\/www.harlingfordhotel.com\/es\/wp-json\/wp\/v2\/pages\/8697","targetHints":{"allow":["GET"]}}],"collection":[{"href":"https:\/\/www.harlingfordhotel.com\/es\/wp-json\/wp\/v2\/pages"}],"about":[{"href":"https:\/\/www.harlingfordhotel.com\/es\/wp-json\/wp\/v2\/types\/page"}],"author":[{"embeddable":true,"href":"https:\/\/www.harlingfordhotel.com\/es\/wp-json\/wp\/v2\/users\/1"}],"replies":[{"embeddable":true,"href":"https:\/\/www.harlingfordhotel.com\/es\/wp-json\/wp\/v2\/comments?post=8697"}],"version-history":[{"count":0,"href":"https:\/\/www.harlingfordhotel.com\/es\/wp-json\/wp\/v2\/pages\/8697\/revisions"}],"wp:featuredmedia":[{"embeddable":true,"href":"https:\/\/www.harlingfordhotel.com\/es\/wp-json\/wp\/v2\/media\/8580"}],"wp:attachment":[{"href":"https:\/\/www.harlingfordhotel.com\/es\/wp-json\/wp\/v2\/media?parent=8697"}],"curies":[{"name":"wp","href":"https:\/\/api.w.org\/{rel}","templated":true}]}}