{"id":6415,"date":"2018-12-12T15:47:25","date_gmt":"2018-12-12T15:47:25","guid":{"rendered":"http:\/\/impreza.us-themes.com\/?page_id=6415"},"modified":"2023-09-01T13:10:57","modified_gmt":"2023-09-01T12:10:57","slug":"about-harlingford","status":"publish","type":"page","link":"https:\/\/www.harlingfordhotel.com\/fr\/about-harlingford\/","title":{"rendered":"About"},"content":{"rendered":"<section class=\"l-section wpb_row height_large width_full color_primary with_img parallax_ver parallax_xpos_left\"><div class=\"l-section-img\" role=\"img\" aria-label=\"Lounge at The Harlingford\" data-img-width=\"1920\" data-img-height=\"880\" style=\"background-image: url(https:\/\/www.harlingfordhotel.com\/wp-content\/uploads\/2023\/09\/lounge-harlingford-hotel-2023.jpg);background-position: center left;\"><\/div><div class=\"l-section-h i-cf\"><div class=\"g-cols vc_row via_flex valign_top type_default stacking_default\"><div class=\"vc_col-sm-12 wpb_column vc_column_container\"><div class=\"vc_column-inner\"><div class=\"wpb_wrapper\"><div class=\"w-separator size_large\"><\/div><div class=\"g-cols wpb_row us_custom_b1cc9d49 via_flex valign_top type_default stacking_default\"><div class=\"vc_col-sm-4 wpb_column vc_column_container has_bg_color\"><div class=\"vc_column-inner us_custom_4881b1d3\"><div class=\"wpb_wrapper\"><div class=\"w-separator size_small\"><\/div><div class=\"wpb_text_column\"><div class=\"wpb_wrapper\"><h1>The Harlingford<\/h1>\n<h3>Le choix id\u00e9al pour profiter au maximum de votre voyage \u00e0 Londres.<\/h3>\n<\/div><\/div><div class=\"w-separator size_small\"><\/div><\/div><\/div><\/div><div class=\"vc_col-sm-8 wpb_column vc_column_container\"><div class=\"vc_column-inner\"><div class=\"wpb_wrapper\"><\/div><\/div><\/div><\/div><\/div><\/div><\/div><\/div><\/div><\/section><section class=\"l-section wpb_row us_custom_e7368688 height_auto\"><div class=\"l-section-h i-cf\"><div class=\"g-cols vc_row via_flex valign_top type_default stacking_default\"><div class=\"vc_col-sm-12 wpb_column vc_column_container\"><div class=\"vc_column-inner\"><div class=\"wpb_wrapper\"><div class=\"w-separator size_small\"><\/div><\/div><\/div><\/div><\/div><\/div><\/section><section class=\"l-section wpb_row height_medium\"><div class=\"l-section-h i-cf\"><div class=\"g-cols vc_row via_flex valign_middle type_default stacking_default\"><div class=\"vc_col-sm-8 wpb_column vc_column_container\"><div class=\"vc_column-inner\"><div class=\"wpb_wrapper\"><div class=\"wpb_text_column\"><div class=\"wpb_wrapper\"><h1>The Harlingford<\/h1>\n<p>Fond\u00e9 en 1911, The Harlingford est un h\u00f4tel familial ind\u00e9pendant qui appartient \u00e0 la famille Davies depuis trois g\u00e9n\u00e9rations depuis sa reprise en 1960.<\/p>\n<p>Le Harlingford est situ\u00e9 au centre du quartier historique de Bloomsbury, un choix id\u00e9al pour tirer le meilleur parti de Londres. Ses places \u00e9l\u00e9gantes offrent une retraite de la ru\u00e9e urbaine et pourtant l'\u00e9nergie de la ville est tout autour de vous.<\/p>\n<p>Le Harlingford offre l'\u00e9quilibre parfait entre une atmosph\u00e8re contemporaine et les caract\u00e9ristiques g\u00e9orgiennes d'origine restaur\u00e9es de l'h\u00f4tel, en utilisant une palette de couleurs simples et neutres.<\/p>\n<p>Nos diff\u00e9rentes conceptions de chambres ont \u00e9t\u00e9 con\u00e7ues dans un spectre de couleurs vibrantes, tandis que les espaces communs jouent sur les couleurs de l'entreprise de notre logo intelligent.<\/p>\n<p>Nous sommes tr\u00e8s fiers d'avoir \u00e9t\u00e9 inclus dans les<a href=\"https:\/\/www.timeout.com\/london\/hotels\/the-100-best-hotels-in-london\" target=\"_blank\" rel=\"noopener noreferrer\">\u00ab 100 meilleurs h\u00f4tels de Londres \u00bb de Time Out<\/a>&#8216;.<\/p>\n<\/div><\/div><\/div><\/div><\/div><div class=\"vc_col-sm-4 wpb_column vc_column_container\"><div class=\"vc_column-inner\"><div class=\"wpb_wrapper\"><div class=\"w-image style_shadow-1 align_none\"><div class=\"w-image-h\"><img decoding=\"async\" width=\"1024\" height=\"1024\" src=\"https:\/\/www.harlingfordhotel.com\/wp-content\/uploads\/2021\/11\/wolfgang-1024x1024.jpg\" class=\"attachment-large size-large\" alt=\"Wolfgang\" loading=\"lazy\" srcset=\"https:\/\/www.harlingfordhotel.com\/wp-content\/uploads\/2021\/11\/wolfgang-1024x1024.jpg 1024w, https:\/\/www.harlingfordhotel.com\/wp-content\/uploads\/2021\/11\/wolfgang-300x300.jpg 300w, https:\/\/www.harlingfordhotel.com\/wp-content\/uploads\/2021\/11\/wolfgang-150x150.jpg 150w, https:\/\/www.harlingfordhotel.com\/wp-content\/uploads\/2021\/11\/wolfgang-12x12.jpg 12w, https:\/\/www.harlingfordhotel.com\/wp-content\/uploads\/2021\/11\/wolfgang-600x600.jpg 600w, https:\/\/www.harlingfordhotel.com\/wp-content\/uploads\/2021\/11\/wolfgang.jpg 1500w\" sizes=\"auto, (max-width: 1024px) 100vw, 1024px\" \/><\/div><\/div><div class=\"w-separator size_small\"><\/div><div class=\"wpb_text_column caption\"><div class=\"wpb_wrapper\"><p><em>Hi! My name is Wolfgang, I am the newest addition to the Harlingford family.<\/em><\/p>\n<\/div><\/div><\/div><\/div><\/div><\/div><\/div><\/section><section class=\"l-section wpb_row height_medium color_alternate\"><div class=\"l-section-h i-cf\"><div class=\"g-cols vc_row via_flex valign_top type_default stacking_default\"><div class=\"vc_col-sm-4 wpb_column vc_column_container\"><div class=\"vc_column-inner\"><div class=\"wpb_wrapper\"><div class=\"w-image style_shadow-1 align_none\"><div class=\"w-image-h\"><img decoding=\"async\" width=\"1024\" height=\"981\" src=\"https:\/\/www.harlingfordhotel.com\/wp-content\/uploads\/2020\/01\/IMG_20190921_123745-1024x981.jpg\" class=\"attachment-large size-large\" alt=\"Zizi at The Harlingford\" loading=\"lazy\" srcset=\"https:\/\/www.harlingfordhotel.com\/wp-content\/uploads\/2020\/01\/IMG_20190921_123745-1024x981.jpg 1024w, https:\/\/www.harlingfordhotel.com\/wp-content\/uploads\/2020\/01\/IMG_20190921_123745-300x287.jpg 300w, https:\/\/www.harlingfordhotel.com\/wp-content\/uploads\/2020\/01\/IMG_20190921_123745-1536x1471.jpg 1536w, https:\/\/www.harlingfordhotel.com\/wp-content\/uploads\/2020\/01\/IMG_20190921_123745.jpg 1776w\" sizes=\"auto, (max-width: 1024px) 100vw, 1024px\" \/><\/div><\/div><div class=\"w-separator size_small\"><\/div><div class=\"wpb_text_column caption\"><div class=\"wpb_wrapper\"><p><em>Bonjour! Je m'appelle Zizi. Je fais toujours attention \u00e0 tous les clients du Harlingford. \u00c0 un de ces quatre!<\/em><\/p>\n<\/div><\/div><\/div><\/div><\/div><div class=\"vc_col-sm-8 wpb_column vc_column_container\"><div class=\"vc_column-inner\"><div class=\"wpb_wrapper\"><div class=\"wpb_text_column\"><div class=\"wpb_wrapper\"><h2>L'HISTOIRE<\/h2>\n<p>L'histoire est tout autour de vous \u00e0 Bloomsbury, un quartier rendu c\u00e9l\u00e8bre au d\u00e9but du 20e si\u00e8cle par le cercle artistique d'avant-garde connu sous le nom de \u00ab Bloomsbury Group \u00bb.<\/p>\n<p>Et les b\u00e2timents de l'h\u00f4tel eux-m\u00eames ont un pass\u00e9 fascinant. Construit \u00e0 l'origine comme trois logements s\u00e9par\u00e9s par le ma\u00eetre architecte et constructeur James Burton en 1807. Ils ont \u00e9t\u00e9 la propri\u00e9t\u00e9 d'un d\u00e9put\u00e9, d'un lieutenant-colonel \u00e0 la retraite, d'un tuteur en th\u00e9ologie et du c\u00e9l\u00e8bre \u00e9diteur Andrew Chatto - fondateur de Chatto &amp; Windus.<\/p>\n<\/div><\/div><\/div><\/div><\/div><\/div><\/div><\/section>","protected":false},"excerpt":{"rendered":"The Harlingford The ideal choice for getting the most out of your trip to London. The Harlingford Founded in 1911, The Harlingford is an independent, family-run hotel which has been in the Davies family for three generations since they took it over in 1960. The Harlingford is centrally located in the historic area of Bloomsbury,...","protected":false},"author":1,"featured_media":7790,"parent":0,"menu_order":0,"comment_status":"closed","ping_status":"closed","template":"","meta":{"footnotes":""},"class_list":["post-6415","page","type-page","status-publish","has-post-thumbnail","hentry"],"yoast_head":"<!-- This site is optimized with the Yoast SEO plugin v27.3 - https:\/\/yoast.com\/product\/yoast-seo-wordpress\/ -->\n<title>About - Harlingford Hotel<\/title>\n<meta name=\"description\" content=\"Founded in 1911, The Harlingford is centrally located in the historic area of Bloomsbury, an ideal choice for getting the best out of London.\u00a0\" \/>\n<meta name=\"robots\" content=\"index, follow, max-snippet:-1, max-image-preview:large, max-video-preview:-1\" \/>\n<link rel=\"canonical\" href=\"https:\/\/www.harlingfordhotel.com\/fr\/about-harlingford\/\" \/>\n<meta property=\"og:locale\" content=\"fr_FR\" \/>\n<meta property=\"og:type\" content=\"article\" \/>\n<meta property=\"og:title\" content=\"About - Harlingford Hotel\" \/>\n<meta property=\"og:description\" content=\"Founded in 1911, The Harlingford is centrally located in the historic area of Bloomsbury, an ideal choice for getting the best out of London.\u00a0\" \/>\n<meta property=\"og:url\" content=\"https:\/\/www.harlingfordhotel.com\/fr\/about-harlingford\/\" \/>\n<meta property=\"og:site_name\" content=\"Harlingford Hotel\" \/>\n<meta property=\"article:publisher\" content=\"https:\/\/www.facebook.com\/Harlingford-Hotel-103243997949098\" \/>\n<meta property=\"article:modified_time\" content=\"2023-09-01T12:10:57+00:00\" \/>\n<meta property=\"og:image\" content=\"https:\/\/www.harlingfordhotel.com\/wp-content\/uploads\/2020\/02\/DSC_3732-scaled.jpg\" \/>\n\t<meta property=\"og:image:width\" content=\"2560\" \/>\n\t<meta property=\"og:image:height\" content=\"1707\" \/>\n\t<meta property=\"og:image:type\" content=\"image\/jpeg\" \/>\n<meta name=\"twitter:card\" content=\"summary_large_image\" \/>\n<meta name=\"twitter:label1\" content=\"Dur\u00e9e de lecture estim\u00e9e\" \/>\n\t<meta name=\"twitter:data1\" content=\"2 minutes\" \/>\n<script type=\"application\/ld+json\" class=\"yoast-schema-graph\">{\"@context\":\"https:\\\/\\\/schema.org\",\"@graph\":[{\"@type\":[\"WebPage\",\"AboutPage\"],\"@id\":\"https:\\\/\\\/www.harlingfordhotel.com\\\/about-harlingford\\\/\",\"url\":\"https:\\\/\\\/www.harlingfordhotel.com\\\/about-harlingford\\\/\",\"name\":\"About - Harlingford Hotel\",\"isPartOf\":{\"@id\":\"https:\\\/\\\/www.harlingfordhotel.com\\\/#website\"},\"primaryImageOfPage\":{\"@id\":\"https:\\\/\\\/www.harlingfordhotel.com\\\/about-harlingford\\\/#primaryimage\"},\"image\":{\"@id\":\"https:\\\/\\\/www.harlingfordhotel.com\\\/about-harlingford\\\/#primaryimage\"},\"thumbnailUrl\":\"https:\\\/\\\/www.harlingfordhotel.com\\\/wp-content\\\/uploads\\\/2020\\\/02\\\/DSC_3732-scaled.jpg\",\"datePublished\":\"2018-12-12T15:47:25+00:00\",\"dateModified\":\"2023-09-01T12:10:57+00:00\",\"description\":\"Founded in 1911, The Harlingford is centrally located in the historic area of Bloomsbury, an ideal choice for getting the best out of London.\u00a0\",\"breadcrumb\":{\"@id\":\"https:\\\/\\\/www.harlingfordhotel.com\\\/about-harlingford\\\/#breadcrumb\"},\"inLanguage\":\"fr-FR\",\"potentialAction\":[{\"@type\":\"ReadAction\",\"target\":[\"https:\\\/\\\/www.harlingfordhotel.com\\\/about-harlingford\\\/\"]}]},{\"@type\":\"ImageObject\",\"inLanguage\":\"fr-FR\",\"@id\":\"https:\\\/\\\/www.harlingfordhotel.com\\\/about-harlingford\\\/#primaryimage\",\"url\":\"https:\\\/\\\/www.harlingfordhotel.com\\\/wp-content\\\/uploads\\\/2020\\\/02\\\/DSC_3732-scaled.jpg\",\"contentUrl\":\"https:\\\/\\\/www.harlingfordhotel.com\\\/wp-content\\\/uploads\\\/2020\\\/02\\\/DSC_3732-scaled.jpg\",\"width\":2560,\"height\":1707,\"caption\":\"The Harlingford\"},{\"@type\":\"BreadcrumbList\",\"@id\":\"https:\\\/\\\/www.harlingfordhotel.com\\\/about-harlingford\\\/#breadcrumb\",\"itemListElement\":[{\"@type\":\"ListItem\",\"position\":1,\"name\":\"Home\",\"item\":\"https:\\\/\\\/www.harlingfordhotel.com\\\/\"},{\"@type\":\"ListItem\",\"position\":2,\"name\":\"About\"}]},{\"@type\":\"WebSite\",\"@id\":\"https:\\\/\\\/www.harlingfordhotel.com\\\/#website\",\"url\":\"https:\\\/\\\/www.harlingfordhotel.com\\\/\",\"name\":\"Harlingford Hotel\",\"description\":\"Independent Family Run Bloomsbury Hotel\",\"publisher\":{\"@id\":\"https:\\\/\\\/www.harlingfordhotel.com\\\/#organization\"},\"potentialAction\":[{\"@type\":\"SearchAction\",\"target\":{\"@type\":\"EntryPoint\",\"urlTemplate\":\"https:\\\/\\\/www.harlingfordhotel.com\\\/?s={search_term_string}\"},\"query-input\":{\"@type\":\"PropertyValueSpecification\",\"valueRequired\":true,\"valueName\":\"search_term_string\"}}],\"inLanguage\":\"fr-FR\"},{\"@type\":\"Organization\",\"@id\":\"https:\\\/\\\/www.harlingfordhotel.com\\\/#organization\",\"name\":\"Harlingford Hotel\",\"url\":\"https:\\\/\\\/www.harlingfordhotel.com\\\/\",\"logo\":{\"@type\":\"ImageObject\",\"inLanguage\":\"fr-FR\",\"@id\":\"https:\\\/\\\/www.harlingfordhotel.com\\\/#\\\/schema\\\/logo\\\/image\\\/\",\"url\":\"https:\\\/\\\/www.harlingfordhotel.com\\\/wp-content\\\/uploads\\\/2020\\\/02\\\/harlingford-hotel-logo.jpg\",\"contentUrl\":\"https:\\\/\\\/www.harlingfordhotel.com\\\/wp-content\\\/uploads\\\/2020\\\/02\\\/harlingford-hotel-logo.jpg\",\"width\":500,\"height\":122,\"caption\":\"Harlingford Hotel\"},\"image\":{\"@id\":\"https:\\\/\\\/www.harlingfordhotel.com\\\/#\\\/schema\\\/logo\\\/image\\\/\"},\"sameAs\":[\"https:\\\/\\\/www.facebook.com\\\/Harlingford-Hotel-103243997949098\",\"https:\\\/\\\/www.instagram.com\\\/harlingfordhotellondon\\\/\",\"https:\\\/\\\/www.linkedin.com\\\/company\\\/harlingford-hotel\\\/about\\\/\"]}]}<\/script>\n<!-- \/ Yoast SEO plugin. -->","yoast_head_json":{"title":"About - Harlingford Hotel","description":"Founded in 1911, The Harlingford is centrally located in the historic area of Bloomsbury, an ideal choice for getting the best out of London.\u00a0","robots":{"index":"index","follow":"follow","max-snippet":"max-snippet:-1","max-image-preview":"max-image-preview:large","max-video-preview":"max-video-preview:-1"},"canonical":"https:\/\/www.harlingfordhotel.com\/fr\/about-harlingford\/","og_locale":"fr_FR","og_type":"article","og_title":"About - Harlingford Hotel","og_description":"Founded in 1911, The Harlingford is centrally located in the historic area of Bloomsbury, an ideal choice for getting the best out of London.\u00a0","og_url":"https:\/\/www.harlingfordhotel.com\/fr\/about-harlingford\/","og_site_name":"Harlingford Hotel","article_publisher":"https:\/\/www.facebook.com\/Harlingford-Hotel-103243997949098","article_modified_time":"2023-09-01T12:10:57+00:00","og_image":[{"width":2560,"height":1707,"url":"https:\/\/www.harlingfordhotel.com\/wp-content\/uploads\/2020\/02\/DSC_3732-scaled.jpg","type":"image\/jpeg"}],"twitter_card":"summary_large_image","twitter_misc":{"Dur\u00e9e de lecture estim\u00e9e":"2 minutes"},"schema":{"@context":"https:\/\/schema.org","@graph":[{"@type":["WebPage","AboutPage"],"@id":"https:\/\/www.harlingfordhotel.com\/about-harlingford\/","url":"https:\/\/www.harlingfordhotel.com\/about-harlingford\/","name":"About - Harlingford Hotel","isPartOf":{"@id":"https:\/\/www.harlingfordhotel.com\/#website"},"primaryImageOfPage":{"@id":"https:\/\/www.harlingfordhotel.com\/about-harlingford\/#primaryimage"},"image":{"@id":"https:\/\/www.harlingfordhotel.com\/about-harlingford\/#primaryimage"},"thumbnailUrl":"https:\/\/www.harlingfordhotel.com\/wp-content\/uploads\/2020\/02\/DSC_3732-scaled.jpg","datePublished":"2018-12-12T15:47:25+00:00","dateModified":"2023-09-01T12:10:57+00:00","description":"Founded in 1911, The Harlingford is centrally located in the historic area of Bloomsbury, an ideal choice for getting the best out of London.\u00a0","breadcrumb":{"@id":"https:\/\/www.harlingfordhotel.com\/about-harlingford\/#breadcrumb"},"inLanguage":"fr-FR","potentialAction":[{"@type":"ReadAction","target":["https:\/\/www.harlingfordhotel.com\/about-harlingford\/"]}]},{"@type":"ImageObject","inLanguage":"fr-FR","@id":"https:\/\/www.harlingfordhotel.com\/about-harlingford\/#primaryimage","url":"https:\/\/www.harlingfordhotel.com\/wp-content\/uploads\/2020\/02\/DSC_3732-scaled.jpg","contentUrl":"https:\/\/www.harlingfordhotel.com\/wp-content\/uploads\/2020\/02\/DSC_3732-scaled.jpg","width":2560,"height":1707,"caption":"The Harlingford"},{"@type":"BreadcrumbList","@id":"https:\/\/www.harlingfordhotel.com\/about-harlingford\/#breadcrumb","itemListElement":[{"@type":"ListItem","position":1,"name":"Home","item":"https:\/\/www.harlingfordhotel.com\/"},{"@type":"ListItem","position":2,"name":"About"}]},{"@type":"WebSite","@id":"https:\/\/www.harlingfordhotel.com\/#website","url":"https:\/\/www.harlingfordhotel.com\/","name":"Harlingford Hotel","description":"Independent Family Run Bloomsbury Hotel","publisher":{"@id":"https:\/\/www.harlingfordhotel.com\/#organization"},"potentialAction":[{"@type":"SearchAction","target":{"@type":"EntryPoint","urlTemplate":"https:\/\/www.harlingfordhotel.com\/?s={search_term_string}"},"query-input":{"@type":"PropertyValueSpecification","valueRequired":true,"valueName":"search_term_string"}}],"inLanguage":"fr-FR"},{"@type":"Organization","@id":"https:\/\/www.harlingfordhotel.com\/#organization","name":"Harlingford Hotel","url":"https:\/\/www.harlingfordhotel.com\/","logo":{"@type":"ImageObject","inLanguage":"fr-FR","@id":"https:\/\/www.harlingfordhotel.com\/#\/schema\/logo\/image\/","url":"https:\/\/www.harlingfordhotel.com\/wp-content\/uploads\/2020\/02\/harlingford-hotel-logo.jpg","contentUrl":"https:\/\/www.harlingfordhotel.com\/wp-content\/uploads\/2020\/02\/harlingford-hotel-logo.jpg","width":500,"height":122,"caption":"Harlingford Hotel"},"image":{"@id":"https:\/\/www.harlingfordhotel.com\/#\/schema\/logo\/image\/"},"sameAs":["https:\/\/www.facebook.com\/Harlingford-Hotel-103243997949098","https:\/\/www.instagram.com\/harlingfordhotellondon\/","https:\/\/www.linkedin.com\/company\/harlingford-hotel\/about\/"]}]}},"_links":{"self":[{"href":"https:\/\/www.harlingfordhotel.com\/fr\/wp-json\/wp\/v2\/pages\/6415","targetHints":{"allow":["GET"]}}],"collection":[{"href":"https:\/\/www.harlingfordhotel.com\/fr\/wp-json\/wp\/v2\/pages"}],"about":[{"href":"https:\/\/www.harlingfordhotel.com\/fr\/wp-json\/wp\/v2\/types\/page"}],"author":[{"embeddable":true,"href":"https:\/\/www.harlingfordhotel.com\/fr\/wp-json\/wp\/v2\/users\/1"}],"replies":[{"embeddable":true,"href":"https:\/\/www.harlingfordhotel.com\/fr\/wp-json\/wp\/v2\/comments?post=6415"}],"version-history":[{"count":0,"href":"https:\/\/www.harlingfordhotel.com\/fr\/wp-json\/wp\/v2\/pages\/6415\/revisions"}],"wp:featuredmedia":[{"embeddable":true,"href":"https:\/\/www.harlingfordhotel.com\/fr\/wp-json\/wp\/v2\/media\/7790"}],"wp:attachment":[{"href":"https:\/\/www.harlingfordhotel.com\/fr\/wp-json\/wp\/v2\/media?parent=6415"}],"curies":[{"name":"wp","href":"https:\/\/api.w.org\/{rel}","templated":true}]}}