{"id":6635,"date":"2019-05-10T14:40:15","date_gmt":"2019-05-10T14:40:15","guid":{"rendered":"http:\/\/impreza.us-themes.com\/?page_id=6635"},"modified":"2026-04-09T10:56:14","modified_gmt":"2026-04-09T09:56:14","slug":"home","status":"publish","type":"page","link":"https:\/\/www.harlingfordhotel.com\/fr\/","title":{"rendered":"The Harlingford"},"content":{"rendered":"<section class=\"l-section wpb_row us_custom_cb90b9b2 height_medium width_full color_primary with_img\"><div class=\"l-section-img\" role=\"img\" aria-label=\"The Harlingford\" data-img-width=\"1920\" data-img-height=\"1125\" style=\"background-image: url(https:\/\/www.harlingfordhotel.com\/wp-content\/uploads\/2024\/09\/harlingford-2024.jpg);background-repeat: no-repeat;\"><\/div><div class=\"l-section-h i-cf\"><div class=\"g-cols vc_row via_flex valign_top type_default stacking_default\"><div class=\"vc_col-sm-12 wpb_column vc_column_container\"><div class=\"vc_column-inner\"><div class=\"wpb_wrapper\"><div class=\"w-separator size_medium\"><\/div><div class=\"g-cols wpb_row us_custom_51ba14d7 via_flex valign_top type_default stacking_default\"><div class=\"vc_col-sm-8 wpb_column vc_column_container\"><div class=\"vc_column-inner us_custom_9e8a15c4\"><div class=\"wpb_wrapper\"><\/div><\/div><\/div><div class=\"vc_col-sm-4 wpb_column vc_column_container has_bg_color\"><div class=\"vc_column-inner us_custom_2f5752ba\"><div class=\"wpb_wrapper\"><div class=\"w-separator size_custom\" style=\"height:2px\"><\/div><div class=\"wpb_text_column\"><div class=\"wpb_wrapper\"><h6>Un h\u00f4tel familial ind\u00e9pendant, situ\u00e9 sur un croissant gracieux au c\u0153ur du quartier historique de Bloomsbury.<\/h6>\n<\/div><\/div><div class=\"w-separator size_small\"><\/div><div class=\"w-btn-wrapper align_center\"><a class=\"w-btn us-btn-style_1\" href=\"https:\/\/web-bookings.hotels.uk.com\/?_gl=1*1s1weoj*_ga*MzkwNTUyODU2LjE2OTM4MzU5NDM.*_ga_880Y84J3J7*MTY5Mzk4NzI3OS4yLjEuMTY5Mzk5MDQyNy42MC4wLjA.#\/booking\/45340\/items\/availability?k=iWtdbN7KJx0ftevVPpHPMM3LHNDUzNDA=&amp;r=1693990429890&amp;a=2&amp;c=\"><span class=\"w-btn-label\">FAIRE UNE R\u00c9SERVATION<\/span><\/a><\/div><\/div><\/div><\/div><\/div><\/div><\/div><\/div><\/div><\/div><\/section><section class=\"l-section wpb_row us_custom_e7368688 height_auto\"><div class=\"l-section-h i-cf\"><div class=\"g-cols vc_row via_flex valign_top type_default stacking_default\"><div class=\"vc_col-sm-12 wpb_column vc_column_container\"><div class=\"vc_column-inner\"><div class=\"wpb_wrapper\"><div class=\"w-separator size_small\"><\/div><\/div><\/div><\/div><\/div><\/div><\/section><section class=\"l-section wpb_row height_medium parallax_ver\"><div class=\"l-section-h i-cf\"><div class=\"g-cols vc_row via_flex valign_top type_default stacking_default\"><div class=\"vc_col-sm-12 wpb_column vc_column_container\"><div class=\"vc_column-inner\"><div class=\"wpb_wrapper\"><div class=\"wpb_text_column\"><div class=\"wpb_wrapper\"><h1 style=\"text-align: left;\">The Harlingford &#8211; Your Home Away From Home<\/h1>\n<p class=\"p1\">Nich\u00e9 au c\u0153ur de Londres, l'h\u00f4tel Harlingford est une charmante maison de ville g\u00e9orgienne class\u00e9e Grade II donnant sur un parc tranquille et des courts de tennis. Id\u00e9alement situ\u00e9s dans le quartier anim\u00e9 de Bloomsbury, nous sommes \u00e0 quelques pas d'attractions embl\u00e9matiques telles que le British Museum, Covent Garden et les principaux th\u00e9\u00e2tres du West End.<\/p>\n<p class=\"p1\">Commencez votre journ\u00e9e avec un d\u00e9licieux petit-d\u00e9jeuner et d\u00e9tendez-vous dans notre salon accueillant apr\u00e8s une journ\u00e9e d'exploration. Avec un d\u00e9licieux m\u00e9lange de charme classique et de confort moderne, l'h\u00f4tel Harlingford veille \u00e0 ce que chaque s\u00e9jour soit m\u00e9morable. Nous avons h\u00e2te de vous accueillir !<\/p>\n<p class=\"p1\"><strong><i>Attention, notre \u00e9tablissement bicentenaire ne dispose ni d'ascenseur ni de climatisation, conform\u00e9ment aux consignes de pr\u00e9servation.<\/i><\/strong><\/p>\n<\/div><\/div><\/div><\/div><\/div><\/div><\/div><\/section><section class=\"l-section wpb_row us_custom_d8cbb9ac height_medium width_full color_alternate\"><div class=\"l-section-h i-cf\"><div class=\"g-cols vc_row via_flex valign_top type_default stacking_default\" style=\"--additional-gap:0px;\"><div class=\"vc_col-sm-4 wpb_column vc_column_container\"><div class=\"vc_column-inner\"><div class=\"wpb_wrapper\"><div class=\"w-image align_none\"><a title=\"Our Rooms\" href=\"https:\/\/www.harlingfordhotel.com\/fr\/harlingford-rooms\/\" aria-label=\"sup single\" class=\"w-image-h\"><img decoding=\"async\" width=\"1024\" height=\"684\" src=\"https:\/\/www.harlingfordhotel.com\/wp-content\/uploads\/2023\/09\/sup-single-1024x684.jpg\" class=\"attachment-large size-large\" alt=\"Superior Single Room at The Harlingford\" loading=\"lazy\" srcset=\"https:\/\/www.harlingfordhotel.com\/wp-content\/uploads\/2023\/09\/sup-single-1024x684.jpg 1024w, https:\/\/www.harlingfordhotel.com\/wp-content\/uploads\/2023\/09\/sup-single-300x200.jpg 300w, https:\/\/www.harlingfordhotel.com\/wp-content\/uploads\/2023\/09\/sup-single-18x12.jpg 18w, https:\/\/www.harlingfordhotel.com\/wp-content\/uploads\/2023\/09\/sup-single-600x400.jpg 600w, https:\/\/www.harlingfordhotel.com\/wp-content\/uploads\/2023\/09\/sup-single.jpg 1500w\" sizes=\"auto, (max-width: 1024px) 100vw, 1024px\" \/><\/a><\/div><div class=\"w-separator size_small\"><\/div><div class=\"wpb_text_column\"><div class=\"wpb_wrapper\"><h3><a href=\"https:\/\/www.harlingfordhotel.com\/fr\/harlingford-rooms\/\">VOYAGE D'AFFAIRE<\/a><br \/>\nFROM \u00a3130<\/h3>\n<p>Pour le voyageur d'affaires, nous proposons des chambres simples confortables ou, pour ce confort suppl\u00e9mentaire, nous proposons des chambres simples sup\u00e9rieures avec un lit double.<\/p>\n<\/div><\/div><\/div><\/div><\/div><div class=\"vc_col-sm-4 wpb_column vc_column_container\"><div class=\"vc_column-inner\"><div class=\"wpb_wrapper\"><div class=\"w-image align_none\"><a title=\"Our Rooms\" href=\"https:\/\/www.harlingfordhotel.com\/fr\/harlingford-rooms\/\" aria-label=\"Chambre double sup\u00e9rieure\" class=\"w-image-h\"><img decoding=\"async\" width=\"1024\" height=\"683\" src=\"https:\/\/www.harlingfordhotel.com\/wp-content\/uploads\/2024\/04\/Superior-Double-1024x683.jpg\" class=\"attachment-large size-large\" alt=\"Superior Double Room at The Harlingford\" loading=\"lazy\" srcset=\"https:\/\/www.harlingfordhotel.com\/wp-content\/uploads\/2024\/04\/Superior-Double-1024x683.jpg 1024w, https:\/\/www.harlingfordhotel.com\/wp-content\/uploads\/2024\/04\/Superior-Double-300x200.jpg 300w, https:\/\/www.harlingfordhotel.com\/wp-content\/uploads\/2024\/04\/Superior-Double-18x12.jpg 18w, https:\/\/www.harlingfordhotel.com\/wp-content\/uploads\/2024\/04\/Superior-Double-600x400.jpg 600w, https:\/\/www.harlingfordhotel.com\/wp-content\/uploads\/2024\/04\/Superior-Double.jpg 1500w\" sizes=\"auto, (max-width: 1024px) 100vw, 1024px\" \/><\/a><\/div><div class=\"w-separator size_small\"><\/div><div class=\"wpb_text_column\"><div class=\"wpb_wrapper\"><h3><a href=\"https:\/\/www.harlingfordhotel.com\/fr\/harlingford-rooms\/\">VACANCES EN COUPLES<\/a><br \/>\nFROM \u00a3160<\/h3>\n<p>Les couples peuvent opter pour une chambre double standard ou double standard avec baignoire, ou pour le luxe suppl\u00e9mentaire de notre chambre double sup\u00e9rieure avec un lit king size.<\/p>\n<\/div><\/div><\/div><\/div><\/div><div class=\"vc_col-sm-4 wpb_column vc_column_container\"><div class=\"vc_column-inner\"><div class=\"wpb_wrapper\"><div class=\"w-image align_none\"><a title=\"Our Rooms\" href=\"https:\/\/www.harlingfordhotel.com\/fr\/harlingford-rooms\/\" aria-label=\"sup triple\" class=\"w-image-h\"><img decoding=\"async\" width=\"1024\" height=\"684\" src=\"https:\/\/www.harlingfordhotel.com\/wp-content\/uploads\/2023\/09\/sup-triple-1024x684.jpg\" class=\"attachment-large size-large\" alt=\"Superior Family Room for Three at The Harlingford\" loading=\"lazy\" srcset=\"https:\/\/www.harlingfordhotel.com\/wp-content\/uploads\/2023\/09\/sup-triple-1024x684.jpg 1024w, https:\/\/www.harlingfordhotel.com\/wp-content\/uploads\/2023\/09\/sup-triple-300x200.jpg 300w, https:\/\/www.harlingfordhotel.com\/wp-content\/uploads\/2023\/09\/sup-triple-18x12.jpg 18w, https:\/\/www.harlingfordhotel.com\/wp-content\/uploads\/2023\/09\/sup-triple-600x400.jpg 600w, https:\/\/www.harlingfordhotel.com\/wp-content\/uploads\/2023\/09\/sup-triple.jpg 1500w\" sizes=\"auto, (max-width: 1024px) 100vw, 1024px\" \/><\/a><\/div><div class=\"w-separator size_small\"><\/div><div class=\"wpb_text_column\"><div class=\"wpb_wrapper\"><h3><a href=\"https:\/\/www.harlingfordhotel.com\/fr\/harlingford-rooms\/\">ESCAPADES EN FAMILLE<\/a><br \/>\nFROM \u00a3190<\/h3>\n<p>Nos chambres familiales peuvent accueillir jusqu'\u00e0 4 personnes et varient du standard au sup\u00e9rieur avec un lit king size.<\/p>\n<\/div><\/div><\/div><\/div><\/div><\/div><\/div><\/section><section class=\"l-section wpb_row us_custom_d8cbb9ac height_auto width_full color_alternate\"><div class=\"l-section-h i-cf\"><div class=\"g-cols vc_row via_flex valign_top type_default stacking_default\"><div class=\"vc_col-sm-12 wpb_column vc_column_container\"><div class=\"vc_column-inner us_custom_8f2ba1f4 us_animate_this\"><div class=\"wpb_wrapper\"><div class=\"w-btn-wrapper align_justify\"><a class=\"w-btn us-btn-style_7 us_custom_a6ceb248\" title=\"Our Rooms\" href=\"https:\/\/www.harlingfordhotel.com\/fr\/harlingford-rooms\/\"><span class=\"w-btn-label\">VOIR NOS CHAMBRES<\/span><\/a><\/div><div class=\"w-separator size_small\"><\/div><\/div><\/div><\/div><\/div><\/div><\/section>","protected":false},"excerpt":{"rendered":"An independent family-run hotel, situated on a graceful crescent in the heart of historic Bloomsbury. MAKE A RESERVATIONThe Harlingford &#8211; Your Home Away From Home Nestled in the heart of London, the Harlingford Hotel is a charming Georgian Grade II listed townhouse overlooking a tranquil park and tennis courts. Perfectly situated in the vibrant Bloomsbury...","protected":false},"author":1,"featured_media":7791,"parent":0,"menu_order":0,"comment_status":"closed","ping_status":"closed","template":"","meta":{"footnotes":""},"class_list":["post-6635","page","type-page","status-publish","has-post-thumbnail","hentry"],"yoast_head":"<!-- This site is optimized with the Yoast SEO plugin v27.3 - https:\/\/yoast.com\/product\/yoast-seo-wordpress\/ -->\n<title>The Harlingford - Harlingford Hotel London<\/title>\n<meta name=\"description\" content=\"The Harlingford is an independent, family-run hotel situated on a graceful Georgian crescent in the heart of historic Bloomsbury, Central London\" \/>\n<meta name=\"robots\" content=\"index, follow, max-snippet:-1, max-image-preview:large, max-video-preview:-1\" \/>\n<link rel=\"canonical\" href=\"https:\/\/www.harlingfordhotel.com\/fr\/\" \/>\n<meta property=\"og:locale\" content=\"fr_FR\" \/>\n<meta property=\"og:type\" content=\"article\" \/>\n<meta property=\"og:title\" content=\"The Harlingford - Harlingford Hotel London\" \/>\n<meta property=\"og:description\" content=\"The Harlingford is an independent, family-run hotel situated on a graceful Georgian crescent in the heart of historic Bloomsbury, Central London\" \/>\n<meta property=\"og:url\" content=\"https:\/\/www.harlingfordhotel.com\/fr\/\" \/>\n<meta property=\"og:site_name\" content=\"Harlingford Hotel\" \/>\n<meta property=\"article:publisher\" content=\"https:\/\/www.facebook.com\/Harlingford-Hotel-103243997949098\" \/>\n<meta property=\"article:modified_time\" content=\"2026-04-09T09:56:14+00:00\" \/>\n<meta property=\"og:image\" content=\"https:\/\/www.harlingfordhotel.com\/wp-content\/uploads\/2020\/02\/DSC_3740-scaled.jpg\" \/>\n\t<meta property=\"og:image:width\" content=\"2560\" \/>\n\t<meta property=\"og:image:height\" content=\"1707\" \/>\n\t<meta property=\"og:image:type\" content=\"image\/jpeg\" \/>\n<meta name=\"twitter:card\" content=\"summary_large_image\" \/>\n<meta name=\"twitter:label1\" content=\"Dur\u00e9e de lecture estim\u00e9e\" \/>\n\t<meta name=\"twitter:data1\" content=\"2 minutes\" \/>\n<script type=\"application\/ld+json\" class=\"yoast-schema-graph\">{\"@context\":\"https:\\\/\\\/schema.org\",\"@graph\":[{\"@type\":\"WebPage\",\"@id\":\"https:\\\/\\\/www.harlingfordhotel.com\\\/\",\"url\":\"https:\\\/\\\/www.harlingfordhotel.com\\\/\",\"name\":\"The Harlingford - Harlingford Hotel London\",\"isPartOf\":{\"@id\":\"https:\\\/\\\/www.harlingfordhotel.com\\\/#website\"},\"primaryImageOfPage\":{\"@id\":\"https:\\\/\\\/www.harlingfordhotel.com\\\/#primaryimage\"},\"image\":{\"@id\":\"https:\\\/\\\/www.harlingfordhotel.com\\\/#primaryimage\"},\"thumbnailUrl\":\"https:\\\/\\\/www.harlingfordhotel.com\\\/wp-content\\\/uploads\\\/2020\\\/02\\\/DSC_3740-scaled.jpg\",\"datePublished\":\"2019-05-10T14:40:15+00:00\",\"dateModified\":\"2026-04-09T09:56:14+00:00\",\"description\":\"The Harlingford is an independent, family-run hotel situated on a graceful Georgian crescent in the heart of historic Bloomsbury, Central London\",\"breadcrumb\":{\"@id\":\"https:\\\/\\\/www.harlingfordhotel.com\\\/#breadcrumb\"},\"inLanguage\":\"fr-FR\",\"potentialAction\":[{\"@type\":\"ReadAction\",\"target\":[\"https:\\\/\\\/www.harlingfordhotel.com\\\/\"]}]},{\"@type\":\"ImageObject\",\"inLanguage\":\"fr-FR\",\"@id\":\"https:\\\/\\\/www.harlingfordhotel.com\\\/#primaryimage\",\"url\":\"https:\\\/\\\/www.harlingfordhotel.com\\\/wp-content\\\/uploads\\\/2020\\\/02\\\/DSC_3740-scaled.jpg\",\"contentUrl\":\"https:\\\/\\\/www.harlingfordhotel.com\\\/wp-content\\\/uploads\\\/2020\\\/02\\\/DSC_3740-scaled.jpg\",\"width\":2560,\"height\":1707,\"caption\":\"The Harlingford\"},{\"@type\":\"BreadcrumbList\",\"@id\":\"https:\\\/\\\/www.harlingfordhotel.com\\\/#breadcrumb\",\"itemListElement\":[{\"@type\":\"ListItem\",\"position\":1,\"name\":\"Home\",\"item\":\"https:\\\/\\\/www.harlingfordhotel.com\\\/\"},{\"@type\":\"ListItem\",\"position\":2,\"name\":\"The Harlingford\"}]},{\"@type\":\"WebSite\",\"@id\":\"https:\\\/\\\/www.harlingfordhotel.com\\\/#website\",\"url\":\"https:\\\/\\\/www.harlingfordhotel.com\\\/\",\"name\":\"Harlingford Hotel\",\"description\":\"Independent Family Run Bloomsbury Hotel\",\"publisher\":{\"@id\":\"https:\\\/\\\/www.harlingfordhotel.com\\\/#organization\"},\"potentialAction\":[{\"@type\":\"SearchAction\",\"target\":{\"@type\":\"EntryPoint\",\"urlTemplate\":\"https:\\\/\\\/www.harlingfordhotel.com\\\/?s={search_term_string}\"},\"query-input\":{\"@type\":\"PropertyValueSpecification\",\"valueRequired\":true,\"valueName\":\"search_term_string\"}}],\"inLanguage\":\"fr-FR\"},{\"@type\":\"Organization\",\"@id\":\"https:\\\/\\\/www.harlingfordhotel.com\\\/#organization\",\"name\":\"Harlingford Hotel\",\"url\":\"https:\\\/\\\/www.harlingfordhotel.com\\\/\",\"logo\":{\"@type\":\"ImageObject\",\"inLanguage\":\"fr-FR\",\"@id\":\"https:\\\/\\\/www.harlingfordhotel.com\\\/#\\\/schema\\\/logo\\\/image\\\/\",\"url\":\"https:\\\/\\\/www.harlingfordhotel.com\\\/wp-content\\\/uploads\\\/2020\\\/02\\\/harlingford-hotel-logo.jpg\",\"contentUrl\":\"https:\\\/\\\/www.harlingfordhotel.com\\\/wp-content\\\/uploads\\\/2020\\\/02\\\/harlingford-hotel-logo.jpg\",\"width\":500,\"height\":122,\"caption\":\"Harlingford Hotel\"},\"image\":{\"@id\":\"https:\\\/\\\/www.harlingfordhotel.com\\\/#\\\/schema\\\/logo\\\/image\\\/\"},\"sameAs\":[\"https:\\\/\\\/www.facebook.com\\\/Harlingford-Hotel-103243997949098\",\"https:\\\/\\\/www.instagram.com\\\/harlingfordhotellondon\\\/\",\"https:\\\/\\\/www.linkedin.com\\\/company\\\/harlingford-hotel\\\/about\\\/\"]}]}<\/script>\n<!-- \/ Yoast SEO plugin. -->","yoast_head_json":{"title":"The Harlingford - Harlingford Hotel London","description":"The Harlingford is an independent, family-run hotel situated on a graceful Georgian crescent in the heart of historic Bloomsbury, Central London","robots":{"index":"index","follow":"follow","max-snippet":"max-snippet:-1","max-image-preview":"max-image-preview:large","max-video-preview":"max-video-preview:-1"},"canonical":"https:\/\/www.harlingfordhotel.com\/fr\/","og_locale":"fr_FR","og_type":"article","og_title":"The Harlingford - Harlingford Hotel London","og_description":"The Harlingford is an independent, family-run hotel situated on a graceful Georgian crescent in the heart of historic Bloomsbury, Central London","og_url":"https:\/\/www.harlingfordhotel.com\/fr\/","og_site_name":"Harlingford Hotel","article_publisher":"https:\/\/www.facebook.com\/Harlingford-Hotel-103243997949098","article_modified_time":"2026-04-09T09:56:14+00:00","og_image":[{"width":2560,"height":1707,"url":"https:\/\/www.harlingfordhotel.com\/wp-content\/uploads\/2020\/02\/DSC_3740-scaled.jpg","type":"image\/jpeg"}],"twitter_card":"summary_large_image","twitter_misc":{"Dur\u00e9e de lecture estim\u00e9e":"2 minutes"},"schema":{"@context":"https:\/\/schema.org","@graph":[{"@type":"WebPage","@id":"https:\/\/www.harlingfordhotel.com\/","url":"https:\/\/www.harlingfordhotel.com\/","name":"The Harlingford - Harlingford Hotel London","isPartOf":{"@id":"https:\/\/www.harlingfordhotel.com\/#website"},"primaryImageOfPage":{"@id":"https:\/\/www.harlingfordhotel.com\/#primaryimage"},"image":{"@id":"https:\/\/www.harlingfordhotel.com\/#primaryimage"},"thumbnailUrl":"https:\/\/www.harlingfordhotel.com\/wp-content\/uploads\/2020\/02\/DSC_3740-scaled.jpg","datePublished":"2019-05-10T14:40:15+00:00","dateModified":"2026-04-09T09:56:14+00:00","description":"The Harlingford is an independent, family-run hotel situated on a graceful Georgian crescent in the heart of historic Bloomsbury, Central London","breadcrumb":{"@id":"https:\/\/www.harlingfordhotel.com\/#breadcrumb"},"inLanguage":"fr-FR","potentialAction":[{"@type":"ReadAction","target":["https:\/\/www.harlingfordhotel.com\/"]}]},{"@type":"ImageObject","inLanguage":"fr-FR","@id":"https:\/\/www.harlingfordhotel.com\/#primaryimage","url":"https:\/\/www.harlingfordhotel.com\/wp-content\/uploads\/2020\/02\/DSC_3740-scaled.jpg","contentUrl":"https:\/\/www.harlingfordhotel.com\/wp-content\/uploads\/2020\/02\/DSC_3740-scaled.jpg","width":2560,"height":1707,"caption":"The Harlingford"},{"@type":"BreadcrumbList","@id":"https:\/\/www.harlingfordhotel.com\/#breadcrumb","itemListElement":[{"@type":"ListItem","position":1,"name":"Home","item":"https:\/\/www.harlingfordhotel.com\/"},{"@type":"ListItem","position":2,"name":"The Harlingford"}]},{"@type":"WebSite","@id":"https:\/\/www.harlingfordhotel.com\/#website","url":"https:\/\/www.harlingfordhotel.com\/","name":"Harlingford Hotel","description":"Independent Family Run Bloomsbury Hotel","publisher":{"@id":"https:\/\/www.harlingfordhotel.com\/#organization"},"potentialAction":[{"@type":"SearchAction","target":{"@type":"EntryPoint","urlTemplate":"https:\/\/www.harlingfordhotel.com\/?s={search_term_string}"},"query-input":{"@type":"PropertyValueSpecification","valueRequired":true,"valueName":"search_term_string"}}],"inLanguage":"fr-FR"},{"@type":"Organization","@id":"https:\/\/www.harlingfordhotel.com\/#organization","name":"Harlingford Hotel","url":"https:\/\/www.harlingfordhotel.com\/","logo":{"@type":"ImageObject","inLanguage":"fr-FR","@id":"https:\/\/www.harlingfordhotel.com\/#\/schema\/logo\/image\/","url":"https:\/\/www.harlingfordhotel.com\/wp-content\/uploads\/2020\/02\/harlingford-hotel-logo.jpg","contentUrl":"https:\/\/www.harlingfordhotel.com\/wp-content\/uploads\/2020\/02\/harlingford-hotel-logo.jpg","width":500,"height":122,"caption":"Harlingford Hotel"},"image":{"@id":"https:\/\/www.harlingfordhotel.com\/#\/schema\/logo\/image\/"},"sameAs":["https:\/\/www.facebook.com\/Harlingford-Hotel-103243997949098","https:\/\/www.instagram.com\/harlingfordhotellondon\/","https:\/\/www.linkedin.com\/company\/harlingford-hotel\/about\/"]}]}},"_links":{"self":[{"href":"https:\/\/www.harlingfordhotel.com\/fr\/wp-json\/wp\/v2\/pages\/6635","targetHints":{"allow":["GET"]}}],"collection":[{"href":"https:\/\/www.harlingfordhotel.com\/fr\/wp-json\/wp\/v2\/pages"}],"about":[{"href":"https:\/\/www.harlingfordhotel.com\/fr\/wp-json\/wp\/v2\/types\/page"}],"author":[{"embeddable":true,"href":"https:\/\/www.harlingfordhotel.com\/fr\/wp-json\/wp\/v2\/users\/1"}],"replies":[{"embeddable":true,"href":"https:\/\/www.harlingfordhotel.com\/fr\/wp-json\/wp\/v2\/comments?post=6635"}],"version-history":[{"count":1,"href":"https:\/\/www.harlingfordhotel.com\/fr\/wp-json\/wp\/v2\/pages\/6635\/revisions"}],"predecessor-version":[{"id":8897,"href":"https:\/\/www.harlingfordhotel.com\/fr\/wp-json\/wp\/v2\/pages\/6635\/revisions\/8897"}],"wp:featuredmedia":[{"embeddable":true,"href":"https:\/\/www.harlingfordhotel.com\/fr\/wp-json\/wp\/v2\/media\/7791"}],"wp:attachment":[{"href":"https:\/\/www.harlingfordhotel.com\/fr\/wp-json\/wp\/v2\/media?parent=6635"}],"curies":[{"name":"wp","href":"https:\/\/api.w.org\/{rel}","templated":true}]}}