{"id":7882,"date":"2020-02-23T19:16:43","date_gmt":"2020-02-23T19:16:43","guid":{"rendered":"http:\/\/s801956019.websitehome.co.uk\/harlingfordhotel\/wordpress\/?page_id=7882"},"modified":"2023-09-01T14:07:28","modified_gmt":"2023-09-01T13:07:28","slug":"location","status":"publish","type":"page","link":"https:\/\/www.harlingfordhotel.com\/fr\/location\/","title":{"rendered":"Location"},"content":{"rendered":"<section class=\"l-section wpb_row us_custom_6df4bc3a has_text_color height_large with_img parallax_ver\"><div class=\"l-section-img\" role=\"img\" aria-label=\"The Harlingford\" data-img-width=\"1500\" data-img-height=\"1002\" style=\"background-image: url(https:\/\/www.harlingfordhotel.com\/wp-content\/uploads\/2023\/09\/the-harlingford-hotel.jpg);\"><\/div><div class=\"l-section-overlay\" style=\"background:rgba(71,67,127,0.65)\"><\/div><div class=\"l-section-h i-cf\"><div class=\"g-cols vc_row via_flex valign_middle type_default stacking_default\"><div class=\"vc_col-sm-12 wpb_column vc_column_container\"><div class=\"vc_column-inner\"><div class=\"wpb_wrapper\"><div class=\"wpb_text_column\"><div class=\"wpb_wrapper\"><h1 style=\"text-align: center;\">Emplacement<\/h1>\n<p>Le Harlingford est \u00e0 distance de marche de trois stations de m\u00e9tro ; Russell Square, Euston et King's Cross \/ St. Pancras International (d\u00e9sormais destination finale des trains Eurostar en provenance de Bruxelles, Paris et Lille). Pour savoir comment planifier votre voyage, veuillez <a href=\"https:\/\/www.harlingfordhotel.com\/fr\/contact\/#location\">vois ici<\/a>.<\/p>\n<p>Pour se d\u00e9placer, il y a aussi des bus dans toutes les directions, tandis que la plupart des principales attractions touristiques, notamment les mus\u00e9es, les galeries, les th\u00e9\u00e2tres et les restaurants, sans parler des meilleurs magasins de Londres \u00e0 proximit\u00e9 d'Oxford Street, se trouvent \u00e0 15-30 minutes \u00e0 pied. Mais vous voudrez peut-\u00eatre simplement explorer l'historique Bloomsbury lui-m\u00eame.<\/p>\n<\/div><\/div><div class=\"w-separator size_medium\"><\/div><div class=\"g-cols wpb_row us_custom_6df4bc3a has_text_color via_flex valign_middle type_default stacking_default\"><div class=\"vc_col-sm-6 wpb_column vc_column_container\"><div class=\"vc_column-inner\"><div class=\"wpb_wrapper\"><div class=\"wpb_text_column link\"><div class=\"wpb_wrapper\"><h3>Monuments et attractions locaux<\/h3>\n<ul class=\"ul1\">\n<li class=\"li1\"><span style=\"color: #ffffff;\"><a style=\"color: #ffffff;\" href=\"https:\/\/www.britishmuseum.org\/\" target=\"_blank\" rel=\"noopener noreferrer\">The British Museum<\/a><\/span><\/li>\n<li class=\"li1\"><span style=\"color: #ffffff;\"><a style=\"color: #ffffff;\" href=\"https:\/\/www.bl.uk\/\" target=\"_blank\" rel=\"noopener noreferrer\">The British Library<\/a><\/span><\/li>\n<li class=\"li1\"><span style=\"color: #ffffff;\"><a style=\"color: #ffffff;\" href=\"https:\/\/dickensmuseum.com\/\" target=\"_blank\" rel=\"noopener noreferrer\">Charles Dickens Museum<\/a><\/span><\/li>\n<li class=\"li1\"><span style=\"color: #ffffff;\"><a style=\"color: #ffffff;\" href=\"https:\/\/foundlingmuseum.org.uk\/\" target=\"_blank\" rel=\"noopener noreferrer\">The Foundling Museum<\/a><\/span><\/li>\n<li class=\"li1\"><span style=\"color: #ffffff;\"><a style=\"color: #ffffff;\" href=\"https:\/\/wellcomecollection.org\/\" target=\"_blank\" rel=\"noopener noreferrer\">Wellcome Collection<\/a><\/span><\/li>\n<li class=\"li1\"><span style=\"color: #ffffff;\"><a style=\"color: #ffffff;\" href=\"https:\/\/www.canalmuseum.org.uk\/\" target=\"_blank\" rel=\"noopener noreferrer\">London Canal Museum<\/a><\/span><\/li>\n<li class=\"li1\"><span style=\"color: #ffffff;\"><a style=\"color: #ffffff;\" href=\"https:\/\/www.camdenmarket.com\/\" target=\"_blank\" rel=\"noopener noreferrer\">Camden Market<\/a><\/span><\/li>\n<li class=\"li1\"><span style=\"color: #ffffff;\"><a style=\"color: #ffffff;\" href=\"https:\/\/www.coventgarden.london\/\" target=\"_blank\" rel=\"noopener noreferrer\">Covent Garden<\/a><\/span><\/li>\n<li class=\"li1\"><span style=\"color: #ffffff;\"><a style=\"color: #ffffff;\" href=\"https:\/\/www.oxfordstreet.co.uk\/\" target=\"_blank\" rel=\"noopener noreferrer\">Oxford Street<\/a><\/span><\/li>\n<li class=\"li1\"><span style=\"color: #ffffff;\"><a style=\"color: #ffffff;\" href=\"https:\/\/www.royalparks.org.uk\/parks\/the-regents-park\" target=\"_blank\" rel=\"noopener noreferrer\">The Regent\u2019s Park<\/a><\/span><\/li>\n<li class=\"li1\"><span style=\"color: #ffffff;\"><a style=\"color: #ffffff;\" href=\"https:\/\/www.ucl.ac.uk\/\" target=\"_blank\" rel=\"noopener noreferrer\">University College<\/a><\/span><\/li>\n<\/ul>\n<\/div><\/div><\/div><\/div><\/div><div class=\"vc_col-sm-6 wpb_column vc_column_container\"><div class=\"vc_column-inner\"><div class=\"wpb_wrapper\"><div class=\"w-image align_center\"><a ref=\"magnificPopup\" href=\"https:\/\/www.harlingfordhotel.com\/wp-content\/uploads\/2020\/01\/map.gif\" aria-label=\"The Harlingford, Bloomsbury, London\" class=\"w-image-h\"><img decoding=\"async\" width=\"276\" height=\"295\" src=\"https:\/\/www.harlingfordhotel.com\/wp-content\/uploads\/2020\/01\/map.gif\" class=\"attachment-full size-full\" alt=\"The Harlingford, Bloomsbury, London\" loading=\"lazy\" \/><\/a><\/div><div class=\"w-separator size_small\"><\/div><div class=\"w-btn-wrapper align_center\"><a class=\"w-btn us-btn-style_27\" href=\"https:\/\/www.google.com\/maps\/place\/Harlingford+Hotel\/@51.5261369,-0.1260963,15z\/data=!4m8!3m7!1s0x0:0xd5fc05e1bbbe6ee9!5m2!4m1!1i2!8m2!3d51.5261369!4d-0.1260963\"><span class=\"w-btn-label\">VOIR NOUS SUR GOOGLE MAPS<\/span><\/a><\/div><\/div><\/div><\/div><\/div><\/div><\/div><\/div><\/div><\/div><\/section><section class=\"l-section wpb_row height_small color_primary\"><div class=\"l-section-h i-cf\"><div class=\"g-cols vc_row via_flex valign_top type_default stacking_default\"><div class=\"vc_col-sm-12 wpb_column vc_column_container\"><div class=\"vc_column-inner\"><div class=\"wpb_wrapper\"><div class=\"w-actionbox color_primary controls_right\"><div class=\"w-actionbox-text\"><h2 class=\"w-actionbox-title\">EN SAVOIR PLUS SUR LA ZONE LOCALE<\/h2><\/div><div class=\"w-actionbox-controls\"><a class=\"w-btn us-btn-style_1\" style=\"font-size:24PX\" title=\"Kings Cross: A Guide To The Area\" target=\"_blank\" rel=\"nofollow\" href=\"https:\/\/www.harlingfordhotel.com\/fr\/kings-cross-guide\/\"><span class=\"w-btn-label\">VOIR NOS GUIDES LOCAUX<\/span><\/a><\/div><\/div><\/div><\/div><\/div><\/div><\/div><\/section>","protected":false},"excerpt":{"rendered":"Our Location The Harlingford is within easy walking distance of three tube stations; Russell Square, Euston and King&#8217;s Cross \/ St. Pancras International (now the final destination of the Eurostar trains from Brussels, Paris and Lille). For information on how to plan your journey please see here. For getting around there are also buses in...","protected":false},"author":1,"featured_media":7793,"parent":0,"menu_order":0,"comment_status":"closed","ping_status":"closed","template":"","meta":{"footnotes":""},"class_list":["post-7882","page","type-page","status-publish","has-post-thumbnail","hentry"],"yoast_head":"<!-- This site is optimized with the Yoast SEO plugin v27.3 - https:\/\/yoast.com\/product\/yoast-seo-wordpress\/ -->\n<title>Location - Harlingford Hotel<\/title>\n<meta name=\"description\" content=\"The Harlingford is within easy walking distance of three tube stations; Russell Square, Euston and King&#039;s Cross\/St. Pancras International.\" \/>\n<meta name=\"robots\" content=\"index, follow, max-snippet:-1, max-image-preview:large, max-video-preview:-1\" \/>\n<link rel=\"canonical\" href=\"https:\/\/www.harlingfordhotel.com\/fr\/location\/\" \/>\n<meta property=\"og:locale\" content=\"fr_FR\" \/>\n<meta property=\"og:type\" content=\"article\" \/>\n<meta property=\"og:title\" content=\"Location - Harlingford Hotel\" \/>\n<meta property=\"og:description\" content=\"The Harlingford is within easy walking distance of three tube stations; Russell Square, Euston and King&#039;s Cross\/St. Pancras International.\" \/>\n<meta property=\"og:url\" content=\"https:\/\/www.harlingfordhotel.com\/fr\/location\/\" \/>\n<meta property=\"og:site_name\" content=\"Harlingford Hotel\" \/>\n<meta property=\"article:publisher\" content=\"https:\/\/www.facebook.com\/Harlingford-Hotel-103243997949098\" \/>\n<meta property=\"article:modified_time\" content=\"2023-09-01T13:07:28+00:00\" \/>\n<meta property=\"og:image\" content=\"https:\/\/www.harlingfordhotel.com\/wp-content\/uploads\/2020\/02\/DSC_3747-1024x757.jpg\" \/>\n\t<meta property=\"og:image:width\" content=\"1024\" \/>\n\t<meta property=\"og:image:height\" content=\"757\" \/>\n\t<meta property=\"og:image:type\" content=\"image\/jpeg\" \/>\n<meta name=\"twitter:card\" content=\"summary_large_image\" \/>\n<meta name=\"twitter:label1\" content=\"Dur\u00e9e de lecture estim\u00e9e\" \/>\n\t<meta name=\"twitter:data1\" content=\"1 minute\" \/>\n<script type=\"application\/ld+json\" class=\"yoast-schema-graph\">{\"@context\":\"https:\\\/\\\/schema.org\",\"@graph\":[{\"@type\":\"WebPage\",\"@id\":\"https:\\\/\\\/www.harlingfordhotel.com\\\/location\\\/\",\"url\":\"https:\\\/\\\/www.harlingfordhotel.com\\\/location\\\/\",\"name\":\"Location - Harlingford Hotel\",\"isPartOf\":{\"@id\":\"https:\\\/\\\/www.harlingfordhotel.com\\\/#website\"},\"primaryImageOfPage\":{\"@id\":\"https:\\\/\\\/www.harlingfordhotel.com\\\/location\\\/#primaryimage\"},\"image\":{\"@id\":\"https:\\\/\\\/www.harlingfordhotel.com\\\/location\\\/#primaryimage\"},\"thumbnailUrl\":\"https:\\\/\\\/www.harlingfordhotel.com\\\/wp-content\\\/uploads\\\/2020\\\/02\\\/DSC_3747.jpg\",\"datePublished\":\"2020-02-23T19:16:43+00:00\",\"dateModified\":\"2023-09-01T13:07:28+00:00\",\"description\":\"The Harlingford is within easy walking distance of three tube stations; Russell Square, Euston and King's Cross\\\/St. Pancras International.\",\"breadcrumb\":{\"@id\":\"https:\\\/\\\/www.harlingfordhotel.com\\\/location\\\/#breadcrumb\"},\"inLanguage\":\"fr-FR\",\"potentialAction\":[{\"@type\":\"ReadAction\",\"target\":[\"https:\\\/\\\/www.harlingfordhotel.com\\\/location\\\/\"]}]},{\"@type\":\"ImageObject\",\"inLanguage\":\"fr-FR\",\"@id\":\"https:\\\/\\\/www.harlingfordhotel.com\\\/location\\\/#primaryimage\",\"url\":\"https:\\\/\\\/www.harlingfordhotel.com\\\/wp-content\\\/uploads\\\/2020\\\/02\\\/DSC_3747.jpg\",\"contentUrl\":\"https:\\\/\\\/www.harlingfordhotel.com\\\/wp-content\\\/uploads\\\/2020\\\/02\\\/DSC_3747.jpg\",\"width\":2508,\"height\":1855,\"caption\":\"The Harlingford\"},{\"@type\":\"BreadcrumbList\",\"@id\":\"https:\\\/\\\/www.harlingfordhotel.com\\\/location\\\/#breadcrumb\",\"itemListElement\":[{\"@type\":\"ListItem\",\"position\":1,\"name\":\"Home\",\"item\":\"https:\\\/\\\/www.harlingfordhotel.com\\\/\"},{\"@type\":\"ListItem\",\"position\":2,\"name\":\"Location\"}]},{\"@type\":\"WebSite\",\"@id\":\"https:\\\/\\\/www.harlingfordhotel.com\\\/#website\",\"url\":\"https:\\\/\\\/www.harlingfordhotel.com\\\/\",\"name\":\"Harlingford Hotel\",\"description\":\"Independent Family Run Bloomsbury Hotel\",\"publisher\":{\"@id\":\"https:\\\/\\\/www.harlingfordhotel.com\\\/#organization\"},\"potentialAction\":[{\"@type\":\"SearchAction\",\"target\":{\"@type\":\"EntryPoint\",\"urlTemplate\":\"https:\\\/\\\/www.harlingfordhotel.com\\\/?s={search_term_string}\"},\"query-input\":{\"@type\":\"PropertyValueSpecification\",\"valueRequired\":true,\"valueName\":\"search_term_string\"}}],\"inLanguage\":\"fr-FR\"},{\"@type\":\"Organization\",\"@id\":\"https:\\\/\\\/www.harlingfordhotel.com\\\/#organization\",\"name\":\"Harlingford Hotel\",\"url\":\"https:\\\/\\\/www.harlingfordhotel.com\\\/\",\"logo\":{\"@type\":\"ImageObject\",\"inLanguage\":\"fr-FR\",\"@id\":\"https:\\\/\\\/www.harlingfordhotel.com\\\/#\\\/schema\\\/logo\\\/image\\\/\",\"url\":\"https:\\\/\\\/www.harlingfordhotel.com\\\/wp-content\\\/uploads\\\/2020\\\/02\\\/harlingford-hotel-logo.jpg\",\"contentUrl\":\"https:\\\/\\\/www.harlingfordhotel.com\\\/wp-content\\\/uploads\\\/2020\\\/02\\\/harlingford-hotel-logo.jpg\",\"width\":500,\"height\":122,\"caption\":\"Harlingford Hotel\"},\"image\":{\"@id\":\"https:\\\/\\\/www.harlingfordhotel.com\\\/#\\\/schema\\\/logo\\\/image\\\/\"},\"sameAs\":[\"https:\\\/\\\/www.facebook.com\\\/Harlingford-Hotel-103243997949098\",\"https:\\\/\\\/www.instagram.com\\\/harlingfordhotellondon\\\/\",\"https:\\\/\\\/www.linkedin.com\\\/company\\\/harlingford-hotel\\\/about\\\/\"]}]}<\/script>\n<!-- \/ Yoast SEO plugin. -->","yoast_head_json":{"title":"Location - Harlingford Hotel","description":"The Harlingford is within easy walking distance of three tube stations; Russell Square, Euston and King's Cross\/St. Pancras International.","robots":{"index":"index","follow":"follow","max-snippet":"max-snippet:-1","max-image-preview":"max-image-preview:large","max-video-preview":"max-video-preview:-1"},"canonical":"https:\/\/www.harlingfordhotel.com\/fr\/location\/","og_locale":"fr_FR","og_type":"article","og_title":"Location - Harlingford Hotel","og_description":"The Harlingford is within easy walking distance of three tube stations; Russell Square, Euston and King's Cross\/St. Pancras International.","og_url":"https:\/\/www.harlingfordhotel.com\/fr\/location\/","og_site_name":"Harlingford Hotel","article_publisher":"https:\/\/www.facebook.com\/Harlingford-Hotel-103243997949098","article_modified_time":"2023-09-01T13:07:28+00:00","og_image":[{"width":1024,"height":757,"url":"https:\/\/www.harlingfordhotel.com\/wp-content\/uploads\/2020\/02\/DSC_3747-1024x757.jpg","type":"image\/jpeg"}],"twitter_card":"summary_large_image","twitter_misc":{"Dur\u00e9e de lecture estim\u00e9e":"1 minute"},"schema":{"@context":"https:\/\/schema.org","@graph":[{"@type":"WebPage","@id":"https:\/\/www.harlingfordhotel.com\/location\/","url":"https:\/\/www.harlingfordhotel.com\/location\/","name":"Location - Harlingford Hotel","isPartOf":{"@id":"https:\/\/www.harlingfordhotel.com\/#website"},"primaryImageOfPage":{"@id":"https:\/\/www.harlingfordhotel.com\/location\/#primaryimage"},"image":{"@id":"https:\/\/www.harlingfordhotel.com\/location\/#primaryimage"},"thumbnailUrl":"https:\/\/www.harlingfordhotel.com\/wp-content\/uploads\/2020\/02\/DSC_3747.jpg","datePublished":"2020-02-23T19:16:43+00:00","dateModified":"2023-09-01T13:07:28+00:00","description":"The Harlingford is within easy walking distance of three tube stations; Russell Square, Euston and King's Cross\/St. Pancras International.","breadcrumb":{"@id":"https:\/\/www.harlingfordhotel.com\/location\/#breadcrumb"},"inLanguage":"fr-FR","potentialAction":[{"@type":"ReadAction","target":["https:\/\/www.harlingfordhotel.com\/location\/"]}]},{"@type":"ImageObject","inLanguage":"fr-FR","@id":"https:\/\/www.harlingfordhotel.com\/location\/#primaryimage","url":"https:\/\/www.harlingfordhotel.com\/wp-content\/uploads\/2020\/02\/DSC_3747.jpg","contentUrl":"https:\/\/www.harlingfordhotel.com\/wp-content\/uploads\/2020\/02\/DSC_3747.jpg","width":2508,"height":1855,"caption":"The Harlingford"},{"@type":"BreadcrumbList","@id":"https:\/\/www.harlingfordhotel.com\/location\/#breadcrumb","itemListElement":[{"@type":"ListItem","position":1,"name":"Home","item":"https:\/\/www.harlingfordhotel.com\/"},{"@type":"ListItem","position":2,"name":"Location"}]},{"@type":"WebSite","@id":"https:\/\/www.harlingfordhotel.com\/#website","url":"https:\/\/www.harlingfordhotel.com\/","name":"Harlingford Hotel","description":"Independent Family Run Bloomsbury Hotel","publisher":{"@id":"https:\/\/www.harlingfordhotel.com\/#organization"},"potentialAction":[{"@type":"SearchAction","target":{"@type":"EntryPoint","urlTemplate":"https:\/\/www.harlingfordhotel.com\/?s={search_term_string}"},"query-input":{"@type":"PropertyValueSpecification","valueRequired":true,"valueName":"search_term_string"}}],"inLanguage":"fr-FR"},{"@type":"Organization","@id":"https:\/\/www.harlingfordhotel.com\/#organization","name":"Harlingford Hotel","url":"https:\/\/www.harlingfordhotel.com\/","logo":{"@type":"ImageObject","inLanguage":"fr-FR","@id":"https:\/\/www.harlingfordhotel.com\/#\/schema\/logo\/image\/","url":"https:\/\/www.harlingfordhotel.com\/wp-content\/uploads\/2020\/02\/harlingford-hotel-logo.jpg","contentUrl":"https:\/\/www.harlingfordhotel.com\/wp-content\/uploads\/2020\/02\/harlingford-hotel-logo.jpg","width":500,"height":122,"caption":"Harlingford Hotel"},"image":{"@id":"https:\/\/www.harlingfordhotel.com\/#\/schema\/logo\/image\/"},"sameAs":["https:\/\/www.facebook.com\/Harlingford-Hotel-103243997949098","https:\/\/www.instagram.com\/harlingfordhotellondon\/","https:\/\/www.linkedin.com\/company\/harlingford-hotel\/about\/"]}]}},"_links":{"self":[{"href":"https:\/\/www.harlingfordhotel.com\/fr\/wp-json\/wp\/v2\/pages\/7882","targetHints":{"allow":["GET"]}}],"collection":[{"href":"https:\/\/www.harlingfordhotel.com\/fr\/wp-json\/wp\/v2\/pages"}],"about":[{"href":"https:\/\/www.harlingfordhotel.com\/fr\/wp-json\/wp\/v2\/types\/page"}],"author":[{"embeddable":true,"href":"https:\/\/www.harlingfordhotel.com\/fr\/wp-json\/wp\/v2\/users\/1"}],"replies":[{"embeddable":true,"href":"https:\/\/www.harlingfordhotel.com\/fr\/wp-json\/wp\/v2\/comments?post=7882"}],"version-history":[{"count":0,"href":"https:\/\/www.harlingfordhotel.com\/fr\/wp-json\/wp\/v2\/pages\/7882\/revisions"}],"wp:featuredmedia":[{"embeddable":true,"href":"https:\/\/www.harlingfordhotel.com\/fr\/wp-json\/wp\/v2\/media\/7793"}],"wp:attachment":[{"href":"https:\/\/www.harlingfordhotel.com\/fr\/wp-json\/wp\/v2\/media?parent=7882"}],"curies":[{"name":"wp","href":"https:\/\/api.w.org\/{rel}","templated":true}]}}