{"id":2508,"date":"2013-12-16T19:45:19","date_gmt":"2013-12-16T19:45:19","guid":{"rendered":"http:\/\/impreza.us-themes.net\/?page_id=2508"},"modified":"2025-03-12T17:12:29","modified_gmt":"2025-03-12T17:12:29","slug":"faq-page","status":"publish","type":"page","link":"https:\/\/www.harlingfordhotel.com\/it\/faq-page\/","title":{"rendered":"FAQ Page"},"content":{"rendered":"<section class=\"l-section wpb_row height_medium\"><div class=\"l-section-h i-cf\"><div class=\"g-cols vc_row via_flex valign_top type_default stacking_default\"><div class=\"vc_col-sm-12 wpb_column vc_column_container\"><div class=\"vc_column-inner\"><div class=\"wpb_wrapper\"><div class=\"wpb_text_column\"><div class=\"wpb_wrapper\"><h1 style=\"text-align: center;\">FAQs<\/h1>\n<h3 style=\"text-align: center;\">Hai una domanda sul tuo soggiorno? Di seguito \u00e8 riportato un elenco delle domande pi\u00f9 frequenti. Se non trovi la risposta che cerchi, non esitare a chiamarci al numero +44 (0)20 7387 1551.<\/h3>\n<\/div><\/div><\/div><\/div><\/div><\/div><\/div><\/section><section class=\"l-section wpb_row height_auto\"><div class=\"l-section-h i-cf\"><div class=\"g-cols vc_row via_flex valign_top type_default stacking_default\"><div class=\"vc_col-sm-12 wpb_column vc_column_container\"><div class=\"vc_column-inner\"><div class=\"wpb_wrapper\"><div class=\"w-tabs style_default switch_click accordion type_togglable has_scrolling\" style=\"--sections-title-size:1.4rem\"><div class=\"w-tabs-sections titles-align_none icon_chevron cpos_right\"><div class=\"w-tabs-section has_text_color\" id=\"s193\" style=\"background:#7f7394;color:#ffffff;\"><button class=\"w-tabs-section-header\" aria-controls=\"content-s193\" aria-expanded=\"false\"><div class=\"w-tabs-section-title\">IL PREZZO E' PER PERSONA O PER CAMERA?<\/div><div class=\"w-tabs-section-control\"><\/div><\/button><div  class=\"w-tabs-section-content\" id=\"content-s193\"><div class=\"w-tabs-section-content-h i-cf\"><div class=\"wpb_text_column\"><div class=\"wpb_wrapper\"><p>Tutte le nostre camere hanno un prezzo per camera per notte e la tariffa include tutte le tasse. Le tariffe delle camere si intendono con colazione o senza colazione.<\/p>\n<\/div><\/div><\/div><\/div><\/div><div class=\"w-tabs-section has_text_color\" id=\"i2ab\" style=\"background:#aea4bf;color:#ffffff;\"><button class=\"w-tabs-section-header\" aria-controls=\"content-i2ab\" aria-expanded=\"false\"><div class=\"w-tabs-section-title\">QUANDO HO FORNITO I DATI DELLA MIA CARTA DI CREDITO, VIENE EFFETTUATO IL PAGAMENTO?<\/div><div class=\"w-tabs-section-control\"><\/div><\/button><div  class=\"w-tabs-section-content\" id=\"content-i2ab\"><div class=\"w-tabs-section-content-h i-cf\"><div class=\"wpb_text_column\"><div class=\"wpb_wrapper\"><p>No. I dati della carta di credito sono necessari esclusivamente per sicurezza e come garanzia contro eventuali danni e\/o uso improprio della propriet\u00e0 dell'hotel. Il pagamento completo viene effettuato solo all'arrivo.<\/p>\n<\/div><\/div><\/div><\/div><\/div><div class=\"w-tabs-section has_text_color\" id=\"c3b4\" style=\"background:#cdc5d9;color:#ffffff;\"><button class=\"w-tabs-section-header\" aria-controls=\"content-c3b4\" aria-expanded=\"false\"><div class=\"w-tabs-section-title\">SE VOGLIO MODIFICARE O CANCELLARE LA MIA PRENOTAZIONE, MI SAR\u00c0 ADDEBITATO?<\/div><div class=\"w-tabs-section-control\"><\/div><\/button><div  class=\"w-tabs-section-content\" id=\"content-c3b4\"><div class=\"w-tabs-section-content-h i-cf\"><div class=\"wpb_text_column\"><div class=\"wpb_wrapper\"><p>La nostra politica \u00e8 che una volta che la prenotazione \u00e8 stata accettata e confermata dall'Harlingford Hotel, a qualsiasi cambiamento, modifica o cancellazione anticipata PU\u00d2 essere addebitata una tassa amministrativa di \u00a3 20. Se ci informi meno di 72 ore prima delle 14:00 (GMT) del giorno del tuo arrivo, ci sar\u00e0 un addebito pari all'intero soggiorno effettuato sul tuo conto. Una volta effettuato il pagamento non verranno effettuati rimborsi o accrediti futuri soggiorni in caso di cancellazione tardiva o di mancato arrivo, o di risoluzione anticipata del soggiorno.<\/p>\n<\/div><\/div><\/div><\/div><\/div><div class=\"w-tabs-section has_text_color\" id=\"u4b0\" style=\"background:#7f7394;color:#ffffff;\"><button class=\"w-tabs-section-header\" aria-controls=\"content-u4b0\" aria-expanded=\"false\"><div class=\"w-tabs-section-title\">\u00bfA QU\u00c9 HORA ES EL CHECK-IN \/ CHECK-OUT?<\/div><div class=\"w-tabs-section-control\"><\/div><\/button><div  class=\"w-tabs-section-content\" id=\"content-u4b0\"><div class=\"w-tabs-section-content-h i-cf\"><div class=\"wpb_text_column\"><div class=\"wpb_wrapper\"><p>Il check-in \u00e8 dopo le 14:00 e il check-out non oltre le 11:00. Questo per consentire alle governanti di svolgere il proprio lavoro in modo efficiente. Un late check-out pu\u00f2 essere organizzato a \u00a3 10 per mezz'ora o parte di essa.<\/p>\n<\/div><\/div><\/div><\/div><\/div><div class=\"w-tabs-section has_text_color\" id=\"a5a5\" style=\"background:#aea4bf;color:#ffffff;\"><button class=\"w-tabs-section-header\" aria-controls=\"content-a5a5\" aria-expanded=\"false\"><div class=\"w-tabs-section-title\">QUANDO VIENE SERVITA LA COLAZIONE?<\/div><div class=\"w-tabs-section-control\"><\/div><\/button><div  class=\"w-tabs-section-content\" id=\"content-a5a5\"><div class=\"w-tabs-section-content-h i-cf\"><div class=\"wpb_text_column\"><div class=\"wpb_wrapper\"><p>La colazione viene servita tutti i giorni nell'apposita sala dalle 07:30 alle 09:30. Al momento della prenotazione scegliere l'opzione con o senza colazione.<\/p>\n<\/div><\/div><\/div><\/div><\/div><div class=\"w-tabs-section has_text_color\" id=\"k698\" style=\"background:#cdc5d9;color:#ffffff;\"><button class=\"w-tabs-section-header\" aria-controls=\"content-k698\" aria-expanded=\"false\"><div class=\"w-tabs-section-title\">POSSIAMO DEPOSITARE I NOSTRI BAGAGLI IN HOTEL PRIMA DEL CHECK-IN E DOPO IL CHECK-OUT?<\/div><div class=\"w-tabs-section-control\"><\/div><\/button><div  class=\"w-tabs-section-content\" id=\"content-k698\"><div class=\"w-tabs-section-content-h i-cf\"><div class=\"wpb_text_column\"><div class=\"wpb_wrapper\"><p>I bagagli possono essere lasciati in hotel per diverse ore al giorno, quindi si prega di chiedere alla reception. Per i bagagli che devono essere conservati per pi\u00f9 di 12 ore e fino a 7 giorni, \u00e8 previsto un supplemento di \u00a3 5 per camera.<\/p>\n<\/div><\/div><\/div><\/div><\/div><div class=\"w-tabs-section has_text_color\" id=\"s786\" style=\"background:#7f7394;color:#ffffff;\"><button class=\"w-tabs-section-header\" aria-controls=\"content-s786\" aria-expanded=\"false\"><div class=\"w-tabs-section-title\">C'E' UN ASCENSORE \/ ASCENSORE?<\/div><div class=\"w-tabs-section-control\"><\/div><\/button><div  class=\"w-tabs-section-content\" id=\"content-s786\"><div class=\"w-tabs-section-content-h i-cf\"><div class=\"wpb_text_column\"><div class=\"wpb_wrapper\"><p>Purtroppo l'hotel non dispone di ascensore e non dispone di un portiere residente.<\/p>\n<\/div><\/div><\/div><\/div><\/div><div class=\"w-tabs-section has_text_color\" id=\"r87f\" style=\"background:#aea4bf;color:#ffffff;\"><button class=\"w-tabs-section-header\" aria-controls=\"content-r87f\" aria-expanded=\"false\"><div class=\"w-tabs-section-title\">C'E' L'ACCESSO WIFI IN HOTEL?<\/div><div class=\"w-tabs-section-control\"><\/div><\/button><div  class=\"w-tabs-section-content\" id=\"content-r87f\"><div class=\"w-tabs-section-content-h i-cf\"><div class=\"wpb_text_column\"><div class=\"wpb_wrapper\"><p>Offriamo accesso WiFi gratuito in tutto l'hotel, anche se soggetto alla funzionalit\u00e0 del provider di servizi Internet. Pertanto non possiamo garantire questo servizio gratuito e totalmente GRATUITO.<\/p>\n<\/div><\/div><\/div><\/div><\/div><div class=\"w-tabs-section has_text_color\" id=\"m9a2\" style=\"background:#cdc5d9;color:#ffffff;\"><button class=\"w-tabs-section-header\" aria-controls=\"content-m9a2\" aria-expanded=\"false\"><div class=\"w-tabs-section-title\">LE CAMERE SONO NON FUMATORI?<\/div><div class=\"w-tabs-section-control\"><\/div><\/button><div  class=\"w-tabs-section-content\" id=\"content-m9a2\"><div class=\"w-tabs-section-content-h i-cf\"><div class=\"wpb_text_column\"><div class=\"wpb_wrapper\"><p>A causa delle normative del Regno Unito, in tutto l'hotel \u00e8 vietato fumare. In caso di violazione di questa regola, verr\u00e0 addebitato sul tuo conto un addebito di \u00a3 50,00 per i costi di fumigazione e pulizia extra.<\/p>\n<\/div><\/div><\/div><\/div><\/div><div class=\"w-tabs-section has_text_color\" id=\"ia99\" style=\"background:#7f7394;color:#ffffff;\"><button class=\"w-tabs-section-header\" aria-controls=\"content-ia99\" aria-expanded=\"false\"><div class=\"w-tabs-section-title\">C'E' L'ARIA CONDIZIONATA IN CAMERA?<\/div><div class=\"w-tabs-section-control\"><\/div><\/button><div  class=\"w-tabs-section-content\" id=\"content-ia99\"><div class=\"w-tabs-section-content-h i-cf\"><div class=\"wpb_text_column\"><div class=\"wpb_wrapper\"><p>L'Harlingford ha pi\u00f9 di 200 anni ed \u00e8 quindi un edificio storico e le normative ci impediscono di installare l'aria condizionata.<\/p>\n<\/div><\/div><\/div><\/div><\/div><div class=\"w-tabs-section has_text_color\" id=\"pb96\" style=\"background:#aea4bf;color:#ffffff;\"><button class=\"w-tabs-section-header\" aria-controls=\"content-pb96\" aria-expanded=\"false\"><div class=\"w-tabs-section-title\">I VISITATORI SONO AMMESSI NELLE CAMERE?<\/div><div class=\"w-tabs-section-control\"><\/div><\/button><div  class=\"w-tabs-section-content\" id=\"content-pb96\"><div class=\"w-tabs-section-content-h i-cf\"><div class=\"wpb_text_column\"><div class=\"wpb_wrapper\"><p class=\"p1\">S\u00ec, ma tutti i visitatori devono partire prima delle 23:00.<\/p>\n<\/div><\/div><\/div><\/div><\/div><div class=\"w-tabs-section has_text_color\" id=\"occ8\" style=\"background:#cdc5d9;color:#ffffff;\"><button class=\"w-tabs-section-header\" aria-controls=\"content-occ8\" aria-expanded=\"false\"><div class=\"w-tabs-section-title\">LA HARLINGFORD FORNISCE PARCHEGGIO SICURO PER AUTO?<\/div><div class=\"w-tabs-section-control\"><\/div><\/button><div  class=\"w-tabs-section-content\" id=\"content-occ8\"><div class=\"w-tabs-section-content-h i-cf\"><div class=\"wpb_text_column\"><div class=\"wpb_wrapper\"><p>No, l'hotel non fornisce parcheggio, tuttavia c'\u00e8 <a href=\"https:\/\/www.ncp.co.uk\/find-a-car-park\/car-parks\/london-brunswick-square\/\" target=\"_blank\" rel=\"noopener noreferrer\">un parcheggio pubblico<\/a> sotto il Brunswick Centre nelle vicinanze con strutture sicure e operativo 24 ore al giorno. \u00c8 a cinque minuti a piedi.<\/p>\n<\/div><\/div><\/div><\/div><\/div><div class=\"w-tabs-section has_text_color\" id=\"ode2\" style=\"background:#7f7394;color:#ffffff;\"><button class=\"w-tabs-section-header\" aria-controls=\"content-ode2\" aria-expanded=\"false\"><div class=\"w-tabs-section-title\">QUANTO SONO VICINI ST PANCRAS E EUROSTAR?<\/div><div class=\"w-tabs-section-control\"><\/div><\/button><div  class=\"w-tabs-section-content\" id=\"content-ode2\"><div class=\"w-tabs-section-content-h i-cf\"><div class=\"wpb_text_column\"><div class=\"wpb_wrapper\"><p>King's Cross St Pancras ed Euston sono a non pi\u00f9 di dieci minuti a piedi. Russell Square \u00e8 a cinque minuti a piedi.<\/p>\n<\/div><\/div><\/div><\/div><\/div><div class=\"w-tabs-section has_text_color\" id=\"keda\" style=\"background:#aea4bf;color:#ffffff;\"><button class=\"w-tabs-section-header\" aria-controls=\"content-keda\" aria-expanded=\"false\"><div class=\"w-tabs-section-title\">E SE QUALCOSA VIENE LASCIATO INDIETRO?<\/div><div class=\"w-tabs-section-control\"><\/div><\/button><div  class=\"w-tabs-section-content\" id=\"content-keda\"><div class=\"w-tabs-section-content-h i-cf\"><div class=\"wpb_text_column\"><div class=\"wpb_wrapper\"><p>Qualsiasi oggetto di propriet\u00e0 lasciato che richiede l'inoltro per posta incorrer\u00e0 in un addebito minimo di \u00a3 10 pi\u00f9 spese di spedizione e imballaggio.<\/p>\n<\/div><\/div><\/div><\/div><\/div><div class=\"w-tabs-section has_text_color\" id=\"ufe5\" style=\"background:#cdc5d9;color:#ffffff;\"><button class=\"w-tabs-section-header\" aria-controls=\"content-ufe5\" aria-expanded=\"false\"><div class=\"w-tabs-section-title\">POSSO PORTARE IL MIO APPARECCHIO ELETTRICO?<\/div><div class=\"w-tabs-section-control\"><\/div><\/button><div  class=\"w-tabs-section-content\" id=\"content-ufe5\"><div class=\"w-tabs-section-content-h i-cf\"><div class=\"wpb_text_column\"><div class=\"wpb_wrapper\"><p>Certo che puoi, ma non forniamo adattatori, caricabatterie o convertitori per elettrodomestici (ad esempio piastre per capelli, computer, telefoni cellulari).<\/p>\n<\/div><\/div><\/div><\/div><\/div><div class=\"w-tabs-section has_text_color\" id=\"n0dc\" style=\"background:#7f7394;color:#ffffff;\"><button class=\"w-tabs-section-header\" aria-controls=\"content-n0dc\" aria-expanded=\"false\"><div class=\"w-tabs-section-title\">ESISTONO CAMERE ADATTE PER OSPITI DISABILI?<\/div><div class=\"w-tabs-section-control\"><\/div><\/button><div  class=\"w-tabs-section-content\" id=\"content-n0dc\"><div class=\"w-tabs-section-content-h i-cf\"><div class=\"wpb_text_column\"><div class=\"wpb_wrapper\"><p class=\"p1\">Ci sono quattro gradini regolari che conducono alla parte anteriore dell'edificio. Non abbiamo ascensore, tuttavia abbiamo una selezione di camere al piano terra. Si prega di chiedere se sono disponibili per le date desiderate.<\/p>\n<\/div><\/div><\/div><\/div><\/div><div class=\"w-tabs-section has_text_color\" id=\"u1cf\" style=\"background:#aea4bf;color:#ffffff;\"><button class=\"w-tabs-section-header\" aria-controls=\"content-u1cf\" aria-expanded=\"false\"><div class=\"w-tabs-section-title\">CI SONO STRUMENTI DA STIRO?<\/div><div class=\"w-tabs-section-control\"><\/div><\/button><div  class=\"w-tabs-section-content\" id=\"content-u1cf\"><div class=\"w-tabs-section-content-h i-cf\"><div class=\"wpb_text_column\"><div class=\"wpb_wrapper\"><p class=\"p1\">Abbiamo una sala da stiro con asse e ferro da stiro a disposizione degli ospiti in qualsiasi momento.<\/p>\n<\/div><\/div><\/div><\/div><\/div><div class=\"w-tabs-section has_text_color\" id=\"c2bf\" style=\"background:#cdc5d9;color:#ffffff;\"><button class=\"w-tabs-section-header\" aria-controls=\"content-c2bf\" aria-expanded=\"false\"><div class=\"w-tabs-section-title\">OFFRITE UN SERVIZIO DI SVEGLIA?<\/div><div class=\"w-tabs-section-control\"><\/div><\/button><div  class=\"w-tabs-section-content\" id=\"content-c2bf\"><div class=\"w-tabs-section-content-h i-cf\"><div class=\"wpb_text_column\"><div class=\"wpb_wrapper\"><p>S\u00ec, offriamo un servizio sveglia. Fai sapere alla reception a che ora vorresti che ti svegliassimo.<\/p>\n<\/div><\/div><\/div><\/div><\/div><div class=\"w-tabs-section has_text_color\" id=\"z3b0\" style=\"background:#7f7394;color:#ffffff;\"><button class=\"w-tabs-section-header\" aria-controls=\"content-z3b0\" aria-expanded=\"false\"><div class=\"w-tabs-section-title\">C'\u00c8 UNA CASSAFORTE IN CAMERA?<\/div><div class=\"w-tabs-section-control\"><\/div><\/button><div  class=\"w-tabs-section-content\" id=\"content-z3b0\"><div class=\"w-tabs-section-content-h i-cf\"><div class=\"wpb_text_column\"><div class=\"wpb_wrapper\"><p class=\"p1\">Purtroppo non ci sono casseforti in camera, per\u00f2 ne abbiamo una alla reception. Gli ospiti sono invitati a tenere i loro oggetti di valore all'interno.<\/p>\n<\/div><\/div><\/div><\/div><\/div><div class=\"w-tabs-section has_text_color\" id=\"q4b3\" style=\"background:#aea4bf;color:var(--color-content-bg);\"><button class=\"w-tabs-section-header\" aria-controls=\"content-q4b3\" aria-expanded=\"false\"><div class=\"w-tabs-section-title\">HOW DO I MAKE A GROUP BOOKING?<\/div><div class=\"w-tabs-section-control\"><\/div><\/button><div  class=\"w-tabs-section-content\" id=\"content-q4b3\"><div class=\"w-tabs-section-content-h i-cf\"><div class=\"wpb_text_column\"><div class=\"wpb_wrapper\"><p class=\"p1\">For groups requiring 3+ rooms, please book by emailing us directly at <a href=\"mailto:book@harlingfordhotel.com\"><span class=\"s1\">book@harlingfordhotel.com<b><\/b><\/span><\/a>.<\/p>\n<\/div><\/div><\/div><\/div><\/div><\/div><\/div><div class=\"w-separator size_medium\"><\/div><\/div><\/div><\/div><\/div><\/div><\/section>","protected":false},"excerpt":{"rendered":"FAQs Do you have a question about your stay? Please find a list below of our most frequently asked questions. If you do not find the answer you are looking for, do not hesitate to call us on +44 (0) 20 7387 1551. IS THE PRICE PER PERSON OR PER ROOM?All our rooms are priced...","protected":false},"author":1,"featured_media":7791,"parent":0,"menu_order":0,"comment_status":"closed","ping_status":"open","template":"","meta":{"footnotes":""},"class_list":["post-2508","page","type-page","status-publish","has-post-thumbnail","hentry"],"yoast_head":"<!-- This site is optimized with the Yoast SEO plugin v27.3 - https:\/\/yoast.com\/product\/yoast-seo-wordpress\/ -->\n<title>FAQ Page - Harlingford Hotel<\/title>\n<meta name=\"description\" content=\"Do you have a question about your stay? Here are our most frequently asked questions. For further information please call us on +44 (0) 7387 1551.\" \/>\n<meta name=\"robots\" content=\"index, follow, max-snippet:-1, max-image-preview:large, max-video-preview:-1\" \/>\n<link rel=\"canonical\" href=\"https:\/\/www.harlingfordhotel.com\/it\/faq-page\/\" \/>\n<meta property=\"og:locale\" content=\"it_IT\" \/>\n<meta property=\"og:type\" content=\"article\" \/>\n<meta property=\"og:title\" content=\"FAQ Page - Harlingford Hotel\" \/>\n<meta property=\"og:description\" content=\"Do you have a question about your stay? Here are our most frequently asked questions. For further information please call us on +44 (0) 7387 1551.\" \/>\n<meta property=\"og:url\" content=\"https:\/\/www.harlingfordhotel.com\/it\/faq-page\/\" \/>\n<meta property=\"og:site_name\" content=\"Harlingford Hotel\" \/>\n<meta property=\"article:publisher\" content=\"https:\/\/www.facebook.com\/Harlingford-Hotel-103243997949098\" \/>\n<meta property=\"article:modified_time\" content=\"2025-03-12T17:12:29+00:00\" \/>\n<meta property=\"og:image\" content=\"https:\/\/www.harlingfordhotel.com\/wp-content\/uploads\/2020\/02\/DSC_3740-scaled.jpg\" \/>\n\t<meta property=\"og:image:width\" content=\"2560\" \/>\n\t<meta property=\"og:image:height\" content=\"1707\" \/>\n\t<meta property=\"og:image:type\" content=\"image\/jpeg\" \/>\n<meta name=\"twitter:card\" content=\"summary_large_image\" \/>\n<meta name=\"twitter:label1\" content=\"Tempo di lettura stimato\" \/>\n\t<meta name=\"twitter:data1\" content=\"4 minuti\" \/>\n<script type=\"application\/ld+json\" class=\"yoast-schema-graph\">{\"@context\":\"https:\\\/\\\/schema.org\",\"@graph\":[{\"@type\":\"WebPage\",\"@id\":\"https:\\\/\\\/www.harlingfordhotel.com\\\/faq-page\\\/\",\"url\":\"https:\\\/\\\/www.harlingfordhotel.com\\\/faq-page\\\/\",\"name\":\"FAQ Page - Harlingford Hotel\",\"isPartOf\":{\"@id\":\"https:\\\/\\\/www.harlingfordhotel.com\\\/#website\"},\"primaryImageOfPage\":{\"@id\":\"https:\\\/\\\/www.harlingfordhotel.com\\\/faq-page\\\/#primaryimage\"},\"image\":{\"@id\":\"https:\\\/\\\/www.harlingfordhotel.com\\\/faq-page\\\/#primaryimage\"},\"thumbnailUrl\":\"https:\\\/\\\/www.harlingfordhotel.com\\\/wp-content\\\/uploads\\\/2020\\\/02\\\/DSC_3740-scaled.jpg\",\"datePublished\":\"2013-12-16T19:45:19+00:00\",\"dateModified\":\"2025-03-12T17:12:29+00:00\",\"description\":\"Do you have a question about your stay? Here are our most frequently asked questions. For further information please call us on +44 (0) 7387 1551.\",\"breadcrumb\":{\"@id\":\"https:\\\/\\\/www.harlingfordhotel.com\\\/faq-page\\\/#breadcrumb\"},\"inLanguage\":\"it-IT\",\"potentialAction\":[{\"@type\":\"ReadAction\",\"target\":[\"https:\\\/\\\/www.harlingfordhotel.com\\\/faq-page\\\/\"]}]},{\"@type\":\"ImageObject\",\"inLanguage\":\"it-IT\",\"@id\":\"https:\\\/\\\/www.harlingfordhotel.com\\\/faq-page\\\/#primaryimage\",\"url\":\"https:\\\/\\\/www.harlingfordhotel.com\\\/wp-content\\\/uploads\\\/2020\\\/02\\\/DSC_3740-scaled.jpg\",\"contentUrl\":\"https:\\\/\\\/www.harlingfordhotel.com\\\/wp-content\\\/uploads\\\/2020\\\/02\\\/DSC_3740-scaled.jpg\",\"width\":2560,\"height\":1707,\"caption\":\"The Harlingford\"},{\"@type\":\"BreadcrumbList\",\"@id\":\"https:\\\/\\\/www.harlingfordhotel.com\\\/faq-page\\\/#breadcrumb\",\"itemListElement\":[{\"@type\":\"ListItem\",\"position\":1,\"name\":\"Home\",\"item\":\"https:\\\/\\\/www.harlingfordhotel.com\\\/\"},{\"@type\":\"ListItem\",\"position\":2,\"name\":\"FAQ Page\"}]},{\"@type\":\"WebSite\",\"@id\":\"https:\\\/\\\/www.harlingfordhotel.com\\\/#website\",\"url\":\"https:\\\/\\\/www.harlingfordhotel.com\\\/\",\"name\":\"Harlingford Hotel\",\"description\":\"Independent Family Run Bloomsbury Hotel\",\"publisher\":{\"@id\":\"https:\\\/\\\/www.harlingfordhotel.com\\\/#organization\"},\"potentialAction\":[{\"@type\":\"SearchAction\",\"target\":{\"@type\":\"EntryPoint\",\"urlTemplate\":\"https:\\\/\\\/www.harlingfordhotel.com\\\/?s={search_term_string}\"},\"query-input\":{\"@type\":\"PropertyValueSpecification\",\"valueRequired\":true,\"valueName\":\"search_term_string\"}}],\"inLanguage\":\"it-IT\"},{\"@type\":\"Organization\",\"@id\":\"https:\\\/\\\/www.harlingfordhotel.com\\\/#organization\",\"name\":\"Harlingford Hotel\",\"url\":\"https:\\\/\\\/www.harlingfordhotel.com\\\/\",\"logo\":{\"@type\":\"ImageObject\",\"inLanguage\":\"it-IT\",\"@id\":\"https:\\\/\\\/www.harlingfordhotel.com\\\/#\\\/schema\\\/logo\\\/image\\\/\",\"url\":\"https:\\\/\\\/www.harlingfordhotel.com\\\/wp-content\\\/uploads\\\/2020\\\/02\\\/harlingford-hotel-logo.jpg\",\"contentUrl\":\"https:\\\/\\\/www.harlingfordhotel.com\\\/wp-content\\\/uploads\\\/2020\\\/02\\\/harlingford-hotel-logo.jpg\",\"width\":500,\"height\":122,\"caption\":\"Harlingford Hotel\"},\"image\":{\"@id\":\"https:\\\/\\\/www.harlingfordhotel.com\\\/#\\\/schema\\\/logo\\\/image\\\/\"},\"sameAs\":[\"https:\\\/\\\/www.facebook.com\\\/Harlingford-Hotel-103243997949098\",\"https:\\\/\\\/www.instagram.com\\\/harlingfordhotellondon\\\/\",\"https:\\\/\\\/www.linkedin.com\\\/company\\\/harlingford-hotel\\\/about\\\/\"]}]}<\/script>\n<!-- \/ Yoast SEO plugin. -->","yoast_head_json":{"title":"FAQ Page - Harlingford Hotel","description":"Do you have a question about your stay? Here are our most frequently asked questions. For further information please call us on +44 (0) 7387 1551.","robots":{"index":"index","follow":"follow","max-snippet":"max-snippet:-1","max-image-preview":"max-image-preview:large","max-video-preview":"max-video-preview:-1"},"canonical":"https:\/\/www.harlingfordhotel.com\/it\/faq-page\/","og_locale":"it_IT","og_type":"article","og_title":"FAQ Page - Harlingford Hotel","og_description":"Do you have a question about your stay? Here are our most frequently asked questions. For further information please call us on +44 (0) 7387 1551.","og_url":"https:\/\/www.harlingfordhotel.com\/it\/faq-page\/","og_site_name":"Harlingford Hotel","article_publisher":"https:\/\/www.facebook.com\/Harlingford-Hotel-103243997949098","article_modified_time":"2025-03-12T17:12:29+00:00","og_image":[{"width":2560,"height":1707,"url":"https:\/\/www.harlingfordhotel.com\/wp-content\/uploads\/2020\/02\/DSC_3740-scaled.jpg","type":"image\/jpeg"}],"twitter_card":"summary_large_image","twitter_misc":{"Tempo di lettura stimato":"4 minuti"},"schema":{"@context":"https:\/\/schema.org","@graph":[{"@type":"WebPage","@id":"https:\/\/www.harlingfordhotel.com\/faq-page\/","url":"https:\/\/www.harlingfordhotel.com\/faq-page\/","name":"FAQ Page - Harlingford Hotel","isPartOf":{"@id":"https:\/\/www.harlingfordhotel.com\/#website"},"primaryImageOfPage":{"@id":"https:\/\/www.harlingfordhotel.com\/faq-page\/#primaryimage"},"image":{"@id":"https:\/\/www.harlingfordhotel.com\/faq-page\/#primaryimage"},"thumbnailUrl":"https:\/\/www.harlingfordhotel.com\/wp-content\/uploads\/2020\/02\/DSC_3740-scaled.jpg","datePublished":"2013-12-16T19:45:19+00:00","dateModified":"2025-03-12T17:12:29+00:00","description":"Do you have a question about your stay? Here are our most frequently asked questions. For further information please call us on +44 (0) 7387 1551.","breadcrumb":{"@id":"https:\/\/www.harlingfordhotel.com\/faq-page\/#breadcrumb"},"inLanguage":"it-IT","potentialAction":[{"@type":"ReadAction","target":["https:\/\/www.harlingfordhotel.com\/faq-page\/"]}]},{"@type":"ImageObject","inLanguage":"it-IT","@id":"https:\/\/www.harlingfordhotel.com\/faq-page\/#primaryimage","url":"https:\/\/www.harlingfordhotel.com\/wp-content\/uploads\/2020\/02\/DSC_3740-scaled.jpg","contentUrl":"https:\/\/www.harlingfordhotel.com\/wp-content\/uploads\/2020\/02\/DSC_3740-scaled.jpg","width":2560,"height":1707,"caption":"The Harlingford"},{"@type":"BreadcrumbList","@id":"https:\/\/www.harlingfordhotel.com\/faq-page\/#breadcrumb","itemListElement":[{"@type":"ListItem","position":1,"name":"Home","item":"https:\/\/www.harlingfordhotel.com\/"},{"@type":"ListItem","position":2,"name":"FAQ Page"}]},{"@type":"WebSite","@id":"https:\/\/www.harlingfordhotel.com\/#website","url":"https:\/\/www.harlingfordhotel.com\/","name":"Harlingford Hotel","description":"Independent Family Run Bloomsbury Hotel","publisher":{"@id":"https:\/\/www.harlingfordhotel.com\/#organization"},"potentialAction":[{"@type":"SearchAction","target":{"@type":"EntryPoint","urlTemplate":"https:\/\/www.harlingfordhotel.com\/?s={search_term_string}"},"query-input":{"@type":"PropertyValueSpecification","valueRequired":true,"valueName":"search_term_string"}}],"inLanguage":"it-IT"},{"@type":"Organization","@id":"https:\/\/www.harlingfordhotel.com\/#organization","name":"Harlingford Hotel","url":"https:\/\/www.harlingfordhotel.com\/","logo":{"@type":"ImageObject","inLanguage":"it-IT","@id":"https:\/\/www.harlingfordhotel.com\/#\/schema\/logo\/image\/","url":"https:\/\/www.harlingfordhotel.com\/wp-content\/uploads\/2020\/02\/harlingford-hotel-logo.jpg","contentUrl":"https:\/\/www.harlingfordhotel.com\/wp-content\/uploads\/2020\/02\/harlingford-hotel-logo.jpg","width":500,"height":122,"caption":"Harlingford Hotel"},"image":{"@id":"https:\/\/www.harlingfordhotel.com\/#\/schema\/logo\/image\/"},"sameAs":["https:\/\/www.facebook.com\/Harlingford-Hotel-103243997949098","https:\/\/www.instagram.com\/harlingfordhotellondon\/","https:\/\/www.linkedin.com\/company\/harlingford-hotel\/about\/"]}]}},"_links":{"self":[{"href":"https:\/\/www.harlingfordhotel.com\/it\/wp-json\/wp\/v2\/pages\/2508","targetHints":{"allow":["GET"]}}],"collection":[{"href":"https:\/\/www.harlingfordhotel.com\/it\/wp-json\/wp\/v2\/pages"}],"about":[{"href":"https:\/\/www.harlingfordhotel.com\/it\/wp-json\/wp\/v2\/types\/page"}],"author":[{"embeddable":true,"href":"https:\/\/www.harlingfordhotel.com\/it\/wp-json\/wp\/v2\/users\/1"}],"replies":[{"embeddable":true,"href":"https:\/\/www.harlingfordhotel.com\/it\/wp-json\/wp\/v2\/comments?post=2508"}],"version-history":[{"count":0,"href":"https:\/\/www.harlingfordhotel.com\/it\/wp-json\/wp\/v2\/pages\/2508\/revisions"}],"wp:featuredmedia":[{"embeddable":true,"href":"https:\/\/www.harlingfordhotel.com\/it\/wp-json\/wp\/v2\/media\/7791"}],"wp:attachment":[{"href":"https:\/\/www.harlingfordhotel.com\/it\/wp-json\/wp\/v2\/media?parent=2508"}],"curies":[{"name":"wp","href":"https:\/\/api.w.org\/{rel}","templated":true}]}}